{"id":6399,"date":"2024-12-18T10:55:11","date_gmt":"2024-12-18T09:55:11","guid":{"rendered":"https:\/\/casaruraljijona.com\/?page_id=6399"},"modified":"2025-02-06T12:36:36","modified_gmt":"2025-02-06T11:36:36","slug":"zona","status":"publish","type":"page","link":"https:\/\/casaruraljijona.com\/es\/zona\/","title":{"rendered":"Jijona y alrededores"},"content":{"rendered":"<div data-elementor-type=\"wp-page\" data-elementor-id=\"6399\" class=\"elementor elementor-6399\" data-elementor-post-type=\"page\">\n\t\t\t\t<div class=\"elementor-element elementor-element-125e1b6 e-flex e-con-boxed e-con e-parent\" data-id=\"125e1b6\" data-element_type=\"container\">\n\t\t\t\t\t<div class=\"e-con-inner\">\n\t\t\t\t<div class=\"elementor-element elementor-element-5e23c0c elementor--h-position-center elementor--v-position-middle elementor-arrows-position-inside elementor-pagination-position-inside elementor-widget elementor-widget-slides\" data-id=\"5e23c0c\" data-element_type=\"widget\" data-settings=\"{&quot;navigation&quot;:&quot;both&quot;,&quot;autoplay&quot;:&quot;yes&quot;,&quot;pause_on_hover&quot;:&quot;yes&quot;,&quot;pause_on_interaction&quot;:&quot;yes&quot;,&quot;autoplay_speed&quot;:5000,&quot;transition&quot;:&quot;slide&quot;,&quot;transition_speed&quot;:500}\" data-widget_type=\"slides.default\">\n\t\t\t\t<div class=\"elementor-widget-container\">\n\t\t\t\t\t\t\t\t\t<div class=\"elementor-swiper\">\n\t\t\t\t\t<div class=\"elementor-slides-wrapper elementor-main-swiper swiper\" role=\"region\" aria-roledescription=\"carousel\" aria-label=\"Diapositivas\" dir=\"ltr\" data-animation=\"\">\n\t\t\t\t<div class=\"swiper-wrapper elementor-slides\">\n\t\t\t\t\t\t\t\t\t\t<div class=\"elementor-repeater-item-0c4f57b swiper-slide\" role=\"group\" aria-roledescription=\"slide\"><div class=\"swiper-slide-bg elementor-ken-burns elementor-ken-burns--in\" role=\"img\"><\/div><div class=\"elementor-background-overlay\"><\/div><div class=\"swiper-slide-inner\" ><div class=\"swiper-slide-contents\"><\/div><\/div><\/div>\t\t\t\t<\/div>\n\t\t\t\t\t\t\t<\/div>\n\t\t\t\t<\/div>\n\t\t\t\t\t\t\t\t<\/div>\n\t\t\t\t<\/div>\n\t\t\t\t\t<\/div>\n\t\t\t\t<\/div>\n\t\t\t\t<section class=\"elementor-section elementor-top-section elementor-element elementor-element-fd82503 elementor-section-boxed elementor-section-height-default elementor-section-height-default\" data-id=\"fd82503\" data-element_type=\"section\" data-settings=\"{&quot;animation&quot;:&quot;none&quot;,&quot;background_background&quot;:&quot;classic&quot;}\">\n\t\t\t\t\t\t<div class=\"elementor-container elementor-column-gap-default\">\n\t\t\t\t\t<div class=\"elementor-column elementor-col-100 elementor-top-column elementor-element elementor-element-e70689b\" data-id=\"e70689b\" data-element_type=\"column\">\n\t\t\t<div class=\"elementor-widget-wrap elementor-element-populated\">\n\t\t\t\t\t\t<section class=\"elementor-section elementor-inner-section elementor-element elementor-element-81ac253 animated-slow elementor-section-boxed elementor-section-height-default elementor-section-height-default\" data-id=\"81ac253\" data-element_type=\"section\" data-settings=\"{&quot;animation&quot;:&quot;none&quot;}\">\n\t\t\t\t\t\t<div class=\"elementor-container elementor-column-gap-default\">\n\t\t\t\t\t<div class=\"elementor-column elementor-col-50 elementor-inner-column elementor-element elementor-element-b6f349a\" data-id=\"b6f349a\" data-element_type=\"column\">\n\t\t\t<div class=\"elementor-widget-wrap elementor-element-populated\">\n\t\t\t\t\t\t<div class=\"elementor-element elementor-element-77cb3c8 elementor-widget elementor-widget-heading\" data-id=\"77cb3c8\" data-element_type=\"widget\" data-widget_type=\"heading.default\">\n\t\t\t\t<div class=\"elementor-widget-container\">\n\t\t\t\t\t<h2 class=\"elementor-heading-title elementor-size-default\"><strong>JIJONA<\/strong> el dulce tesoro <br>de la regi\u00f3n de Alicante<\/h2>\t\t\t\t<\/div>\n\t\t\t\t<\/div>\n\t\t\t\t<div class=\"elementor-element elementor-element-36bdc7e elementor-widget elementor-widget-text-editor\" data-id=\"36bdc7e\" data-element_type=\"widget\" data-widget_type=\"text-editor.default\">\n\t\t\t\t<div class=\"elementor-widget-container\">\n\t\t\t\t\t\t\t\t\t<p><span style=\"font-weight: var( --e-global-typography-text-font-weight );\">Situado en un soleado valle, a s\u00f3lo 20 kil\u00f3metros de Alicante y de la inmensa playa de arena de San Juan, se encuentra Jijona (Xixona en valenciano), un encantador pueblo conocido por ser la cuna del famoso turr\u00f3n espa\u00f1ol. Pero este lugar es mucho m\u00e1s que dulce. Jijona ofrece una rica historia, impresionantes paisajes y un aut\u00e9ntico ambiente espa\u00f1ol.<\/span><\/p><h5>Una ciudad con historia<\/h5><p>La historia de Jijona se remonta al siglo XII, cuando estaba bajo influencia \u00e1rabe. El car\u00e1cter medieval de la ciudad est\u00e1 bien conservado y lo simboliza el imponente castillo \u00e1rabe encaramado en lo alto de una colina. Desde este punto hay una vista panor\u00e1mica de la ciudad y los valles circundantes.<\/p><p>Un paseo por las estrechas calles del centro hist\u00f3rico parece un viaje en el tiempo. Casas antiguas con fachadas de colores, plazas tradicionales y peque\u00f1as tiendas cuentan la historia de la ciudad.<\/p><h5>Turr\u00f3n: una tradici\u00f3n milenaria<\/h5><p>El coraz\u00f3n de Jijona late por el turr\u00f3n, un dulce tradicional que se elabora desde hace generaciones. La variedad m\u00e1s conocida es el turr\u00f3n blando <strong>Turr\u00f3n de Jijona<\/strong>en el que las almendras tostadas y la miel se muelen hasta obtener una consistencia cremosa. Tambi\u00e9n existe la variedad dura, <strong>Turr\u00f3n de Alicante<\/strong>que tiene una textura crujiente gracias a las almendras enteras.<\/p><p>La producci\u00f3n de turr\u00f3n es un negocio serio en Jijona. La localidad cuenta con varias f\u00e1bricas de turr\u00f3n, algunas de las cuales ofrecen visitas guiadas a los visitantes. En ellas podr\u00e1 ver c\u00f3mo se elabora artesanalmente este manjar y, por supuesto, \u00a1probarlo! La localidad cuenta con un museo dedicado a este manjar, el <strong>Museo del Turr\u00f3n<\/strong>donde aprender\u00e1 todo sobre su historia y producci\u00f3n.<\/p>\t\t\t\t\t\t\t\t<\/div>\n\t\t\t\t<\/div>\n\t\t<div class=\"elementor-element elementor-element-2291ccc e-con-full e-flex e-con e-child\" data-id=\"2291ccc\" data-element_type=\"container\">\n\t\t\t\t<div class=\"elementor-element elementor-element-276fb06 elementor-align-center elementor-widget elementor-widget-button\" data-id=\"276fb06\" data-element_type=\"widget\" data-widget_type=\"button.default\">\n\t\t\t\t<div class=\"elementor-widget-container\">\n\t\t\t\t\t\t\t\t\t<div class=\"elementor-button-wrapper\">\n\t\t\t\t\t<a class=\"elementor-button elementor-button-link elementor-size-sm\" href=\"https:\/\/www.verrassendvalencia.nl\/jijona.html\" target=\"_blank\">\n\t\t\t\t\t\t<span class=\"elementor-button-content-wrapper\">\n\t\t\t\t\t\t\t\t\t<span class=\"elementor-button-text\">M\u00e1s sobre Jijona<\/span>\n\t\t\t\t\t<\/span>\n\t\t\t\t\t<\/a>\n\t\t\t\t<\/div>\n\t\t\t\t\t\t\t\t<\/div>\n\t\t\t\t<\/div>\n\t\t\t\t<\/div>\n\t\t\t\t\t<\/div>\n\t\t<\/div>\n\t\t\t\t<div class=\"elementor-column elementor-col-50 elementor-inner-column elementor-element elementor-element-c35d383\" data-id=\"c35d383\" data-element_type=\"column\">\n\t\t\t<div class=\"elementor-widget-wrap elementor-element-populated\">\n\t\t\t\t\t\t<div class=\"elementor-element elementor-element-ba5ff50 elementor-widget elementor-widget-image\" data-id=\"ba5ff50\" data-element_type=\"widget\" data-widget_type=\"image.default\">\n\t\t\t\t<div class=\"elementor-widget-container\">\n\t\t\t\t\t\t\t\t\t\t\t\t\t\t\t<img fetchpriority=\"high\" decoding=\"async\" width=\"800\" height=\"419\" src=\"https:\/\/casaruraljijona.com\/wp-content\/uploads\/2024\/12\/3-2-1024x536-2.webp\" class=\"attachment-large size-large wp-image-5233\" alt=\"\" srcset=\"https:\/\/casaruraljijona.com\/wp-content\/uploads\/2024\/12\/3-2-1024x536-2.webp 1024w, https:\/\/casaruraljijona.com\/wp-content\/uploads\/2024\/12\/3-2-1024x536-2-300x157.webp 300w, https:\/\/casaruraljijona.com\/wp-content\/uploads\/2024\/12\/3-2-1024x536-2-768x402.webp 768w, https:\/\/casaruraljijona.com\/wp-content\/uploads\/2024\/12\/3-2-1024x536-2-600x314.webp 600w\" sizes=\"(max-width: 800px) 100vw, 800px\" \/>\t\t\t\t\t\t\t\t\t\t\t\t\t\t\t<\/div>\n\t\t\t\t<\/div>\n\t\t\t\t<div class=\"elementor-element elementor-element-e98f1d2 elementor-widget elementor-widget-text-editor\" data-id=\"e98f1d2\" data-element_type=\"widget\" data-widget_type=\"text-editor.default\">\n\t\t\t\t<div class=\"elementor-widget-container\">\n\t\t\t\t\t\t\t\t\t<h5>Naturaleza y aventuras al aire libre<\/h5><p>Jijona est\u00e1 rodeada de monta\u00f1as, lo que la convierte en un destino excelente tambi\u00e9n para los amantes de la naturaleza. La zona ofrece numerosas rutas de senderismo y ciclismo, con impresionantes vistas del mar Mediterr\u00e1neo y los bosques mediterr\u00e1neos. Visite, por ejemplo, el parque natural <strong>El Carrascal de la Font Roja<\/strong>conocido por su biodiversidad y sus tranquilos senderos.<\/p><h5>Una escapada tur\u00edstica<\/h5><p>Con su combinaci\u00f3n de rica cultura, especialidades culinarias y hermosa naturaleza, Jijona es una joya oculta en Espa\u00f1a. Para un aficionado a la historia, un gastr\u00f3nomo en busca de sabores aut\u00e9nticos o un d\u00eda de relax en un entorno pintoresco, Jijona tiene algo para todos.<\/p><p>Si se encuentra en la regi\u00f3n de Alicante, no se pierda este encantador pueblo. D\u00e9jate seducir por el olor a almendras tostadas y miel, y descubre por qu\u00e9 Jijona es algo m\u00e1s que un lugar en el mapa: es toda una experiencia.<\/p>\t\t\t\t\t\t\t\t<\/div>\n\t\t\t\t<\/div>\n\t\t\t\t<div class=\"elementor-element elementor-element-af4199f elementor-widget elementor-widget-image\" data-id=\"af4199f\" data-element_type=\"widget\" data-widget_type=\"image.default\">\n\t\t\t\t<div class=\"elementor-widget-container\">\n\t\t\t\t\t\t\t\t\t\t\t\t\t\t\t<img decoding=\"async\" width=\"800\" height=\"419\" src=\"https:\/\/casaruraljijona.com\/wp-content\/uploads\/2024\/12\/4-2-1024x536-1.webp\" class=\"attachment-large size-large wp-image-5234\" alt=\"\" srcset=\"https:\/\/casaruraljijona.com\/wp-content\/uploads\/2024\/12\/4-2-1024x536-1.webp 1024w, https:\/\/casaruraljijona.com\/wp-content\/uploads\/2024\/12\/4-2-1024x536-1-300x157.webp 300w, https:\/\/casaruraljijona.com\/wp-content\/uploads\/2024\/12\/4-2-1024x536-1-768x402.webp 768w, https:\/\/casaruraljijona.com\/wp-content\/uploads\/2024\/12\/4-2-1024x536-1-600x314.webp 600w\" sizes=\"(max-width: 800px) 100vw, 800px\" \/>\t\t\t\t\t\t\t\t\t\t\t\t\t\t\t<\/div>\n\t\t\t\t<\/div>\n\t\t\t\t\t<\/div>\n\t\t<\/div>\n\t\t\t\t\t<\/div>\n\t\t<\/section>\n\t\t\t\t\t<\/div>\n\t\t<\/div>\n\t\t\t\t\t<\/div>\n\t\t<\/section>\n\t\t<div class=\"elementor-element elementor-element-888a682 e-flex e-con-boxed e-con e-parent\" data-id=\"888a682\" data-element_type=\"container\">\n\t\t\t\t\t<div class=\"e-con-inner\">\n\t\t\t\t<div class=\"elementor-element elementor-element-de53a2f elementor-widget elementor-widget-image\" data-id=\"de53a2f\" data-element_type=\"widget\" data-widget_type=\"image.default\">\n\t\t\t\t<div class=\"elementor-widget-container\">\n\t\t\t\t\t\t\t\t\t\t\t\t\t\t\t<img decoding=\"async\" width=\"762\" height=\"277\" src=\"https:\/\/casaruraljijona.com\/wp-content\/uploads\/2024\/12\/Schermafbeelding-2024-12-21-165927.png\" class=\"attachment-large size-large wp-image-6624\" alt=\"\" srcset=\"https:\/\/casaruraljijona.com\/wp-content\/uploads\/2024\/12\/Schermafbeelding-2024-12-21-165927.png 762w, https:\/\/casaruraljijona.com\/wp-content\/uploads\/2024\/12\/Schermafbeelding-2024-12-21-165927-300x109.png 300w, https:\/\/casaruraljijona.com\/wp-content\/uploads\/2024\/12\/Schermafbeelding-2024-12-21-165927-18x7.png 18w\" sizes=\"(max-width: 762px) 100vw, 762px\" \/>\t\t\t\t\t\t\t\t\t\t\t\t\t\t\t<\/div>\n\t\t\t\t<\/div>\n\t\t\t\t\t<\/div>\n\t\t\t\t<\/div>\n\t\t<div class=\"elementor-element elementor-element-9a3e1eb e-flex e-con-boxed e-con e-parent\" data-id=\"9a3e1eb\" data-element_type=\"container\" data-settings=\"{&quot;background_background&quot;:&quot;classic&quot;,&quot;animation&quot;:&quot;none&quot;}\">\n\t\t\t\t\t<div class=\"e-con-inner\">\n\t\t\t\t<div class=\"elementor-element elementor-element-da11153 elementor-widget elementor-widget-heading\" data-id=\"da11153\" data-element_type=\"widget\" data-widget_type=\"heading.default\">\n\t\t\t\t<div class=\"elementor-widget-container\">\n\t\t\t\t\t<h2 class=\"elementor-heading-title elementor-size-default\"><strong>Costa Blanca <\/strong> <\/b>Regi\u00f3n de Alicante<\/h2>\t\t\t\t<\/div>\n\t\t\t\t<\/div>\n\t\t\t\t\t<\/div>\n\t\t\t\t<\/div>\n\t\t<div class=\"elementor-element elementor-element-c1c7514 e-flex e-con-boxed e-con e-parent\" data-id=\"c1c7514\" data-element_type=\"container\" data-settings=\"{&quot;background_background&quot;:&quot;classic&quot;,&quot;animation&quot;:&quot;none&quot;}\">\n\t\t\t\t\t<div class=\"e-con-inner\">\n\t\t\t\t<div class=\"elementor-element elementor-element-2a26ad0 elementor-widget elementor-widget-text-editor\" data-id=\"2a26ad0\" data-element_type=\"widget\" data-widget_type=\"text-editor.default\">\n\t\t\t\t<div class=\"elementor-widget-container\">\n\t\t\t\t\t\t\t\t\t<p>Situada en la costa este de Espa\u00f1a, la Costa Blanca es uno de los destinos m\u00e1s codiciados de Europa. Con Alicante como vibrante ciudad y muchos pueblos con encanto en la zona, la Costa Blanca es conocida por su belleza.\u00a0<span style=\"background-color: var( --e-global-color-text ); font-weight: var( --e-global-typography-text-font-weight );\">El clima mediterr\u00e1neo, con inviernos suaves y veranos largos y calurosos, garantiza muchas horas de sol y temperaturas agradables todo el a\u00f1o.\u00a0<\/span><\/p>\t\t\t\t\t\t\t\t<\/div>\n\t\t\t\t<\/div>\n\t\t\t\t\t<\/div>\n\t\t\t\t<\/div>\n\t\t<div class=\"elementor-element elementor-element-d23cf9a e-con-full e-flex e-con e-parent\" data-id=\"d23cf9a\" data-element_type=\"container\" data-settings=\"{&quot;background_background&quot;:&quot;classic&quot;,&quot;animation&quot;:&quot;none&quot;}\">\n\t\t<div class=\"elementor-element elementor-element-0ba4793 e-con-full e-flex e-con e-child\" data-id=\"0ba4793\" data-element_type=\"container\">\n\t\t\t\t<div class=\"elementor-element elementor-element-8aa3923 elementor-widget elementor-widget-heading\" data-id=\"8aa3923\" data-element_type=\"widget\" data-widget_type=\"heading.default\">\n\t\t\t\t<div class=\"elementor-widget-container\">\n\t\t\t\t\t<h2 class=\"elementor-heading-title elementor-size-default\"><strong>Siete consejos<\/strong> para unas vacaciones perfectas <\/h2>\t\t\t\t<\/div>\n\t\t\t\t<\/div>\n\t\t\t\t<div class=\"elementor-element elementor-element-be9ba78 elementor-widget elementor-widget-text-editor\" data-id=\"be9ba78\" data-element_type=\"widget\" data-widget_type=\"text-editor.default\">\n\t\t\t\t<div class=\"elementor-widget-container\">\n\t\t\t\t\t\t\t\t\t<p><span style=\"font-weight: var( --e-global-typography-text-font-weight ); background-color: var( --e-global-color-text );\">La Costa Blanca, con sus encantadoras playas, su sol radiante y su mar azul, es un destino ideal para quienes buscan relax, aventura o simplemente escapar de la rutina diaria. Ya sea un amante del sol o alguien que quiera explorar la cultura local, la Costa Blanca ofrece algo para todos los gustos. Le ofrecemos siete pr\u00e1cticos consejos para unas vacaciones de playa perfectas en la Costa Blanca.<\/span><\/p><h5>1. <strong>Elige la playa que mejor se adapte a tu ambiente<\/strong><\/h5><p>La Costa Blanca cuenta con una enorme variedad de playas. Tanto si busca calas tranquilas, zonas tur\u00edsticas concurridas o naturaleza virgen, aqu\u00ed lo encontrar\u00e1 todo. Para los amantes de los animados paseos mar\u00edtimos, la Playa de San Juan, en Alicante, es ideal. Si busca un ambiente m\u00e1s relajado, dir\u00edjase a las rec\u00f3nditas calas de Moraira o a las playas naturales del Cabo de la Nao, en J\u00e1vea.<\/p><h5>2. <strong>Explore las acogedoras ciudades costeras<\/strong><\/h5><p>Aparte de las playas, la Costa Blanca ofrece encantadores pueblos costeros que sin duda merecen una visita. Piense en pintorescos pueblos blancos como Altea y Villajoyosa, donde podr\u00e1 pasear por estrechas callejuelas, disfrutar de la comida local y de sus coloridas casas. No olvide visitar el casco antiguo de Alicante para disfrutar de una combinaci\u00f3n de cultura y buena comida.<\/p><h5>3. <strong>Actividades acu\u00e1ticas para aventureros<\/strong><\/h5><p>Adem\u00e1s de tomar el sol y nadar, la Costa Blanca ofrece innumerables oportunidades para realizar actividades acu\u00e1ticas. Alquile un kayak o practique paddleboard en las tranquilas bah\u00edas. Los adictos a la adrenalina pueden practicar moto acu\u00e1tica, parasailing o submarinismo en las cristalinas aguas azules. Muchas playas tambi\u00e9n ofrecen paseos en barco, donde podr\u00e1 admirar la costa desde una perspectiva diferente.<\/p>\t\t\t\t\t\t\t\t<\/div>\n\t\t\t\t<\/div>\n\t\t\t\t<div class=\"elementor-element elementor-element-3277618 elementor-widget elementor-widget-image\" data-id=\"3277618\" data-element_type=\"widget\" data-widget_type=\"image.default\">\n\t\t\t\t<div class=\"elementor-widget-container\">\n\t\t\t\t\t\t\t\t\t\t\t\t\t\t\t<img loading=\"lazy\" decoding=\"async\" width=\"449\" height=\"312\" src=\"https:\/\/casaruraljijona.com\/wp-content\/uploads\/2024\/12\/Schermafbeelding-2024-12-21-165633.png\" class=\"attachment-large size-large wp-image-6622\" alt=\"\" srcset=\"https:\/\/casaruraljijona.com\/wp-content\/uploads\/2024\/12\/Schermafbeelding-2024-12-21-165633.png 449w, https:\/\/casaruraljijona.com\/wp-content\/uploads\/2024\/12\/Schermafbeelding-2024-12-21-165633-300x208.png 300w, https:\/\/casaruraljijona.com\/wp-content\/uploads\/2024\/12\/Schermafbeelding-2024-12-21-165633-18x12.png 18w\" sizes=\"(max-width: 449px) 100vw, 449px\" \/>\t\t\t\t\t\t\t\t\t\t\t\t\t\t\t<\/div>\n\t\t\t\t<\/div>\n\t\t\t\t<div class=\"elementor-element elementor-element-a7d3672 elementor-widget elementor-widget-text-editor\" data-id=\"a7d3672\" data-element_type=\"widget\" data-widget_type=\"text-editor.default\">\n\t\t\t\t<div class=\"elementor-widget-container\">\n\t\t\t\t\t\t\t\t\t<p><strong><span style=\"background-color: var( --e-global-color-text );\">Si te alojas en el B&amp;B Casa Rural Jijona, estar\u00e1s cerca de la playa y de la naturaleza.<\/span><\/strong><\/p>\t\t\t\t\t\t\t\t<\/div>\n\t\t\t\t<\/div>\n\t\t\t\t<div class=\"elementor-element elementor-element-d253f2c elementor-align-left elementor-widget elementor-widget-button\" data-id=\"d253f2c\" data-element_type=\"widget\" data-widget_type=\"button.default\">\n\t\t\t\t<div class=\"elementor-widget-container\">\n\t\t\t\t\t\t\t\t\t<div class=\"elementor-button-wrapper\">\n\t\t\t\t\t<a class=\"elementor-button elementor-button-link elementor-size-sm\" href=\"https:\/\/www.verrassendvalencia.nl\/provincie-alicante.html\" target=\"_blank\">\n\t\t\t\t\t\t<span class=\"elementor-button-content-wrapper\">\n\t\t\t\t\t\t\t\t\t<span class=\"elementor-button-text\">M\u00e1s sobre la regi\u00f3n<\/span>\n\t\t\t\t\t<\/span>\n\t\t\t\t\t<\/a>\n\t\t\t\t<\/div>\n\t\t\t\t\t\t\t\t<\/div>\n\t\t\t\t<\/div>\n\t\t\t\t<\/div>\n\t\t<div class=\"elementor-element elementor-element-85e88eb e-con-full e-flex e-con e-child\" data-id=\"85e88eb\" data-element_type=\"container\">\n\t\t<div class=\"elementor-element elementor-element-73ec69f e-con-full e-flex e-con e-child\" data-id=\"73ec69f\" data-element_type=\"container\">\n\t\t\t\t<div class=\"elementor-element elementor-element-43c13fe elementor-widget elementor-widget-image\" data-id=\"43c13fe\" data-element_type=\"widget\" data-widget_type=\"image.default\">\n\t\t\t\t<div class=\"elementor-widget-container\">\n\t\t\t\t\t\t\t\t\t\t\t\t\t\t\t<img loading=\"lazy\" decoding=\"async\" width=\"2560\" height=\"1441\" src=\"https:\/\/casaruraljijona.com\/wp-content\/uploads\/2024\/12\/20201202_134210-scaled.jpg\" class=\"attachment-full size-full wp-image-6619\" alt=\"\" srcset=\"https:\/\/casaruraljijona.com\/wp-content\/uploads\/2024\/12\/20201202_134210-scaled.jpg 2560w, https:\/\/casaruraljijona.com\/wp-content\/uploads\/2024\/12\/20201202_134210-300x169.jpg 300w, https:\/\/casaruraljijona.com\/wp-content\/uploads\/2024\/12\/20201202_134210-1024x577.jpg 1024w, https:\/\/casaruraljijona.com\/wp-content\/uploads\/2024\/12\/20201202_134210-768x432.jpg 768w, https:\/\/casaruraljijona.com\/wp-content\/uploads\/2024\/12\/20201202_134210-1536x865.jpg 1536w, https:\/\/casaruraljijona.com\/wp-content\/uploads\/2024\/12\/20201202_134210-2048x1153.jpg 2048w, https:\/\/casaruraljijona.com\/wp-content\/uploads\/2024\/12\/20201202_134210-18x10.jpg 18w\" sizes=\"(max-width: 2560px) 100vw, 2560px\" \/>\t\t\t\t\t\t\t\t\t\t\t\t\t\t\t<\/div>\n\t\t\t\t<\/div>\n\t\t\t\t<div class=\"elementor-element elementor-element-c9a8cc0 elementor-widget elementor-widget-text-editor\" data-id=\"c9a8cc0\" data-element_type=\"widget\" data-widget_type=\"text-editor.default\">\n\t\t\t\t<div class=\"elementor-widget-container\">\n\t\t\t\t\t\t\t\t\t<h5>4. <strong>Descubra la gastronom\u00eda de la regi\u00f3n<\/strong><\/h5><p>La Costa Blanca no s\u00f3lo es famosa por sus playas, sino tambi\u00e9n por su deliciosa cocina mediterr\u00e1nea. Pruebe una <em>paella<\/em> (la especialidad de la regi\u00f3n) en uno de los acogedores restaurantes de marisco junto a la playa. Los mercados locales ofrecen productos frescos, donde podr\u00e1 comprar, por ejemplo, c\u00edtricos y marisco directamente del mar.<\/p><h5>5. <strong>Disfruta del sol, pero protege tu piel<\/strong><\/h5><p>Con m\u00e1s de 300 d\u00edas de sol al a\u00f1o, la Costa Blanca es un lugar ideal para los amantes del sol. No olvide aplicarse correctamente la crema solar y llevar abundante agua. El sol puede ser m\u00e1s fuerte de lo que crees, as\u00ed que aseg\u00farate de que tu piel est\u00e1 protegida de sus efectos nocivos.<\/p>\t\t\t\t\t\t\t\t<\/div>\n\t\t\t\t<\/div>\n\t\t\t\t<div class=\"elementor-element elementor-element-e7b9ef3 elementor-widget elementor-widget-image\" data-id=\"e7b9ef3\" data-element_type=\"widget\" data-widget_type=\"image.default\">\n\t\t\t\t<div class=\"elementor-widget-container\">\n\t\t\t\t\t\t\t\t\t\t\t\t\t\t\t<img loading=\"lazy\" decoding=\"async\" width=\"757\" height=\"436\" src=\"https:\/\/casaruraljijona.com\/wp-content\/uploads\/2024\/12\/Schermafbeelding-2024-12-21-165557.png\" class=\"attachment-large size-large wp-image-6621\" alt=\"\" srcset=\"https:\/\/casaruraljijona.com\/wp-content\/uploads\/2024\/12\/Schermafbeelding-2024-12-21-165557.png 757w, https:\/\/casaruraljijona.com\/wp-content\/uploads\/2024\/12\/Schermafbeelding-2024-12-21-165557-300x173.png 300w, https:\/\/casaruraljijona.com\/wp-content\/uploads\/2024\/12\/Schermafbeelding-2024-12-21-165557-18x10.png 18w\" sizes=\"(max-width: 757px) 100vw, 757px\" \/>\t\t\t\t\t\t\t\t\t\t\t\t\t\t\t<\/div>\n\t\t\t\t<\/div>\n\t\t\t\t<div class=\"elementor-element elementor-element-1a89357 elementor-widget elementor-widget-text-editor\" data-id=\"1a89357\" data-element_type=\"widget\" data-widget_type=\"text-editor.default\">\n\t\t\t\t<div class=\"elementor-widget-container\">\n\t\t\t\t\t\t\t\t\t<h5>6. <strong>Visitar parques naturales y rutas de senderismo<\/strong><\/h5><p>Adem\u00e1s de playas, la Costa Blanca cuenta con hermosos parques naturales y rutas de senderismo. El parque natural <em>Fuente Roja<\/em> cerca de Alcoy ofrece tranquilos paseos por bosques y monta\u00f1as, y es el lugar perfecto para descansar del ajetreo de la costa. Para los que disfrutan con los terrenos monta\u00f1osos, la caminata hasta la cima del <em>Pe\u00f1agolosa<\/em> muy recomendable.<\/p><h5>7. <strong>Planifique un paseo nocturno por la costa<\/strong><\/h5><p>Cuando el sol se pone y el cielo se ti\u00f1e de bellos colores, es hora de dar un paseo vespertino por la playa. El litoral de la Costa Blanca ofrece numerosas rutas de senderismo de gran belleza con vistas al mar y a los pueblos de los alrededores. Es una forma perfecta de terminar el d\u00eda y disfrutar de la paz y la belleza de la regi\u00f3n.<\/p>\t\t\t\t\t\t\t\t<\/div>\n\t\t\t\t<\/div>\n\t\t\t\t<\/div>\n\t\t\t\t<\/div>\n\t\t\t\t<\/div>\n\t\t\t\t<\/div>","protected":false},"excerpt":{"rendered":"<p>JIJONA el dulce tesoro de la regi\u00f3n de Alicante Situada en un soleado valle, a s\u00f3lo 20 kil\u00f3metros de Alicante y de la inmensa playa de arena de San Juan, se encuentra Jijona (Xixona en valenciano), una encantadora localidad conocida por ser la cuna del famoso turr\u00f3n espa\u00f1ol. Pero este lugar es mucho m\u00e1s que dulce. Jijona ofrece [...]<\/p>","protected":false},"author":1,"featured_media":0,"parent":0,"menu_order":0,"comment_status":"closed","ping_status":"closed","template":"elementor_header_footer","meta":{"footnotes":""},"class_list":["post-6399","page","type-page","status-publish","hentry"],"jetpack_sharing_enabled":true,"_links":{"self":[{"href":"https:\/\/casaruraljijona.com\/es\/wp-json\/wp\/v2\/pages\/6399","targetHints":{"allow":["GET"]}}],"collection":[{"href":"https:\/\/casaruraljijona.com\/es\/wp-json\/wp\/v2\/pages"}],"about":[{"href":"https:\/\/casaruraljijona.com\/es\/wp-json\/wp\/v2\/types\/page"}],"author":[{"embeddable":true,"href":"https:\/\/casaruraljijona.com\/es\/wp-json\/wp\/v2\/users\/1"}],"replies":[{"embeddable":true,"href":"https:\/\/casaruraljijona.com\/es\/wp-json\/wp\/v2\/comments?post=6399"}],"version-history":[{"count":59,"href":"https:\/\/casaruraljijona.com\/es\/wp-json\/wp\/v2\/pages\/6399\/revisions"}],"predecessor-version":[{"id":7052,"href":"https:\/\/casaruraljijona.com\/es\/wp-json\/wp\/v2\/pages\/6399\/revisions\/7052"}],"wp:attachment":[{"href":"https:\/\/casaruraljijona.com\/es\/wp-json\/wp\/v2\/media?parent=6399"}],"curies":[{"name":"wp","href":"https:\/\/api.w.org\/{rel}","templated":true}]}}