{"id":5889,"date":"2024-12-12T21:37:04","date_gmt":"2024-12-12T20:37:04","guid":{"rendered":"https:\/\/casaruraljijona.com\/?page_id=5889"},"modified":"2024-12-19T12:08:39","modified_gmt":"2024-12-19T11:08:39","slug":"politica-de-privacidad","status":"publish","type":"page","link":"https:\/\/casaruraljijona.com\/es\/politica-de-privacidad\/","title":{"rendered":"Pol\u00edtica de privacidad"},"content":{"rendered":"<div data-elementor-type=\"wp-page\" data-elementor-id=\"5889\" class=\"elementor elementor-5889\" data-elementor-post-type=\"page\">\n\t\t\t\t<div class=\"elementor-element elementor-element-7eb6ca9 e-flex e-con-boxed e-con e-parent\" data-id=\"7eb6ca9\" data-element_type=\"container\">\n\t\t\t\t\t<div class=\"e-con-inner\">\n\t\t\t\t<div class=\"elementor-element elementor-element-e481f2c elementor--h-position-center elementor--v-position-middle elementor-arrows-position-inside elementor-pagination-position-inside elementor-widget elementor-widget-slides\" data-id=\"e481f2c\" data-element_type=\"widget\" data-settings=\"{&quot;navigation&quot;:&quot;both&quot;,&quot;autoplay&quot;:&quot;yes&quot;,&quot;pause_on_hover&quot;:&quot;yes&quot;,&quot;pause_on_interaction&quot;:&quot;yes&quot;,&quot;autoplay_speed&quot;:5000,&quot;transition&quot;:&quot;slide&quot;,&quot;transition_speed&quot;:500}\" data-widget_type=\"slides.default\">\n\t\t\t\t<div class=\"elementor-widget-container\">\n\t\t\t\t\t\t\t\t\t<div class=\"elementor-swiper\">\n\t\t\t\t\t<div class=\"elementor-slides-wrapper elementor-main-swiper swiper\" role=\"region\" aria-roledescription=\"carousel\" aria-label=\"Diapositivas\" dir=\"ltr\" data-animation=\"\">\n\t\t\t\t<div class=\"swiper-wrapper elementor-slides\">\n\t\t\t\t\t\t\t\t\t\t<div class=\"elementor-repeater-item-0c4f57b swiper-slide\" role=\"group\" aria-roledescription=\"slide\"><div class=\"swiper-slide-bg elementor-ken-burns elementor-ken-burns--in\" role=\"img\"><\/div><div class=\"elementor-background-overlay\"><\/div><div class=\"swiper-slide-inner\" ><div class=\"swiper-slide-contents\"><div class=\"elementor-slide-heading\">Pol\u00edtica de privacidad<\/div><\/div><\/div><\/div>\t\t\t\t<\/div>\n\t\t\t\t\t\t\t<\/div>\n\t\t\t\t<\/div>\n\t\t\t\t\t\t\t\t<\/div>\n\t\t\t\t<\/div>\n\t\t\t\t\t<\/div>\n\t\t\t\t<\/div>\n\t\t<div class=\"elementor-element elementor-element-5bb92e8 e-flex e-con-boxed e-con e-parent\" data-id=\"5bb92e8\" data-element_type=\"container\">\n\t\t\t\t\t<div class=\"e-con-inner\">\n\t\t\t\t<div class=\"elementor-element elementor-element-507b1c5 elementor-widget elementor-widget-text-editor\" data-id=\"507b1c5\" data-element_type=\"widget\" data-widget_type=\"text-editor.default\">\n\t\t\t\t<div class=\"elementor-widget-container\">\n\t\t\t\t\t\t\t\t\t<h3><span style=\"font-weight: 400;\">El sitio web www.casaruraljijona.com es propiedad de Casa Rural Jijona, responsable del tratamiento de sus datos personales.<\/span><span style=\"font-weight: 400;\"><br \/><\/span><span style=\"font-weight: 400;\"><br \/><\/span><span style=\"font-weight: 400;\">Hemos adoptado esta pol\u00edtica de privacidad, que rige el tratamiento de la informaci\u00f3n recogida por www.casaruraljijona.com, y que tambi\u00e9n explica las razones por las que necesitamos recopilar determinados datos personales sobre usted. Por lo tanto, debe leer esta pol\u00edtica de privacidad antes de utilizar el sitio web.<\/span><span style=\"font-weight: 400;\"><br \/><\/span><span style=\"font-weight: 400;\"><br \/><\/span><span style=\"font-weight: 400;\">Cuidamos sus datos personales y nos comprometemos a garantizar su confidencialidad y seguridad.<\/span><span style=\"font-weight: 400;\"><br \/><\/span><span style=\"font-weight: 400;\"><br \/><\/span><b>Informaci\u00f3n personal que recopilamos:<\/b><b><br \/><\/b><span style=\"font-weight: 400;\">Cuando visita www.casaruraljijona.com, recopilamos autom\u00e1ticamente cierta informaci\u00f3n sobre su dispositivo, incluida informaci\u00f3n sobre su navegador web, direcci\u00f3n IP, zona horaria y algunas de las cookies instaladas en su dispositivo. Adem\u00e1s, mientras navega por el sitio, recopilamos informaci\u00f3n sobre las p\u00e1ginas web que visita, qu\u00e9 sitios web o t\u00e9rminos de b\u00fasqueda le han remitido al sitio y c\u00f3mo interact\u00faa con \u00e9l. A esta informaci\u00f3n recopilada autom\u00e1ticamente la denominamos \"informaci\u00f3n del dispositivo\". Adem\u00e1s, durante el registro podemos recopilar los datos personales que nos proporcione (incluidos, entre otros, nombre, apellidos, direcci\u00f3n, datos de pago, etc.) con el fin de ejecutar el acuerdo. <\/span><span style=\"font-weight: 400;\">Tambi\u00e9n guardaremos comentarios o rese\u00f1as, si los deja.<\/span><span style=\"font-weight: 400;\"><br \/><\/span><span style=\"font-weight: 400;\"><br \/><\/span><b>\u00bfPor qu\u00e9 tratamos sus datos?<\/b><b><br \/><\/b><span style=\"font-weight: 400;\">Nuestra m\u00e1xima prioridad es la seguridad de los datos de los clientes y, por tanto, s\u00f3lo podemos procesar un m\u00ednimo de datos de los usuarios, en la medida absolutamente necesaria para mantener el sitio web. La informaci\u00f3n recopilada autom\u00e1ticamente s\u00f3lo se utiliza para identificar posibles casos de abuso y para establecer informaci\u00f3n estad\u00edstica sobre el uso del sitio web. Esta informaci\u00f3n estad\u00edstica no se agrega de forma que pueda identificar a un usuario concreto del sistema.<\/span><span style=\"font-weight: 400;\"><br \/><\/span><span style=\"font-weight: 400;\"><br \/><\/span><span style=\"font-weight: 400;\">Puede visitar el sitio web sin decirnos qui\u00e9n es ni revelar ninguna informaci\u00f3n que permita identificarle como persona concreta e identificable. Sin embargo, si desea utilizar determinadas funciones del sitio web, recibir nuestro bolet\u00edn de noticias o facilitar otra informaci\u00f3n rellenando un formulario, es posible que nos proporcione datos personales, como su direcci\u00f3n de correo electr\u00f3nico, nombre, apellidos, lugar de residencia, organizaci\u00f3n o n\u00famero de tel\u00e9fono. Puede optar por no facilitarnos sus datos personales, pero entonces es posible que no pueda beneficiarse de determinadas funciones del sitio web. Por ejemplo, no podr\u00e1 ponerse en contacto con nosotros directamente a trav\u00e9s del sitio web. Los usuarios que no est\u00e9n seguros de qu\u00e9 informaci\u00f3n es necesaria pueden ponerse en contacto con nosotros en info@casaruraljijona.com.<\/span><span style=\"font-weight: 400;\"><br \/><\/span><span style=\"font-weight: 400;\"><br \/><\/span><b>Sus derechos:<\/b><b><br \/><\/b><span style=\"font-weight: 400;\">Si usted es residente europeo, tiene los siguientes derechos en relaci\u00f3n con sus datos personales: Derecho a ser informado. Derecho de acceso. Derecho de rectificaci\u00f3n. Derecho de supresi\u00f3n. Derecho a limitar el tratamiento. Derecho a la portabilidad de los datos. Derecho de oposici\u00f3n. Derechos en relaci\u00f3n con la toma de decisiones automatizada y la elaboraci\u00f3n de perfiles.<\/span><span style=\"font-weight: 400;\"><br \/><\/span><span style=\"font-weight: 400;\"><br \/><\/span><span style=\"font-weight: 400;\">Si desea ejercer este derecho, p\u00f3ngase en contacto con nosotros utilizando los datos que figuran a continuaci\u00f3n.<\/span><span style=\"font-weight: 400;\"><br \/><\/span><span style=\"font-weight: 400;\"><br \/><\/span><span style=\"font-weight: 400;\">Adem\u00e1s, si usted es residente europeo, le informamos de que tratamos sus datos para ejecutar los contratos que podamos tener con usted, o de otro modo para perseguir nuestros intereses comerciales leg\u00edtimos mencionados anteriormente.\u00a0<\/span><span style=\"font-weight: 400;\"><br \/><\/span><span style=\"font-weight: 400;\"><br \/><\/span><b>Enlaces a otros sitios web:<\/b><b><br \/><\/b><span style=\"font-weight: 400;\">Nuestro sitio web puede contener enlaces a otros sitios web que no son de nuestra propiedad ni est\u00e1n gestionados por nosotros. Tenga en cuenta que no somos responsables de esos otros sitios web ni de las pr\u00e1cticas de privacidad de terceros. Le recomendamos que est\u00e9 atento cuando abandone nuestro sitio web y que lea las declaraciones de privacidad de cada sitio web que pueda recopilar informaci\u00f3n personal.<\/span><span style=\"font-weight: 400;\"><br \/><\/span><span style=\"font-weight: 400;\"><br \/><\/span><b>Seguridad de la informaci\u00f3n:<\/b><b><br \/><\/b><span style=\"font-weight: 400;\">Guardamos la informaci\u00f3n que nos facilita en servidores inform\u00e1ticos en un entorno controlado y seguro, protegidos del acceso, uso o divulgaci\u00f3n no autorizados. Empleamos medidas de seguridad administrativas, t\u00e9cnicas y f\u00edsicas razonables para proteger contra el acceso, uso, alteraci\u00f3n y divulgaci\u00f3n no autorizados de la informaci\u00f3n personal bajo nuestro control y custodia. No obstante, no puede garantizarse la transmisi\u00f3n de datos a trav\u00e9s de Internet o de una red inal\u00e1mbrica.<\/span><span style=\"font-weight: 400;\"><br \/><\/span><span style=\"font-weight: 400;\"><br \/><\/span><b>Informaci\u00f3n legal:<\/b><b><br \/><\/b><span style=\"font-weight: 400;\">Divulgaremos cualquier informaci\u00f3n que recopilemos, utilicemos o recibamos cuando as\u00ed lo exija o permita la ley, por ejemplo, para cumplir una citaci\u00f3n o un proceso legal similar, y cuando creamos de buena fe que la divulgaci\u00f3n es necesaria para proteger nuestros derechos, proteger su seguridad o la de otros, investigar un fraude o responder a una solicitud gubernamental.<\/span><span style=\"font-weight: 400;\"><br \/><\/span><span style=\"font-weight: 400;\"><br \/><\/span><b>Datos de contacto:<\/b><b><br \/><\/b><span style=\"font-weight: 400;\">Si desea ponerse en contacto con nosotros para obtener m\u00e1s informaci\u00f3n sobre esta pol\u00edtica o sobre cuestiones relacionadas con los derechos individuales y sus datos personales, env\u00ede un correo electr\u00f3nico a info@casaruraljijona.com.<\/span><\/h3>\t\t\t\t\t\t\t\t<\/div>\n\t\t\t\t<\/div>\n\t\t\t\t\t<\/div>\n\t\t\t\t<\/div>\n\t\t\t\t<\/div>","protected":false},"excerpt":{"rendered":"<p>Pol\u00edtica de privacidad El sitio web www.casaruraljijona.com es propiedad de Casa Rural Jijona, responsable del tratamiento de sus datos personales. Hemos adoptado esta pol\u00edtica de privacidad, que regula la forma en que procesamos la informaci\u00f3n recogida por www.casaruraljijona.com, que tambi\u00e9n proporciona las razones por las que necesitamos recopilar ciertos datos personales sobre usted. Por lo tanto, debe leer esta pol\u00edtica de privacidad [...]<\/p>","protected":false},"author":1,"featured_media":0,"parent":0,"menu_order":0,"comment_status":"closed","ping_status":"closed","template":"elementor_header_footer","meta":{"footnotes":""},"class_list":["post-5889","page","type-page","status-publish","hentry"],"jetpack_sharing_enabled":true,"_links":{"self":[{"href":"https:\/\/casaruraljijona.com\/es\/wp-json\/wp\/v2\/pages\/5889","targetHints":{"allow":["GET"]}}],"collection":[{"href":"https:\/\/casaruraljijona.com\/es\/wp-json\/wp\/v2\/pages"}],"about":[{"href":"https:\/\/casaruraljijona.com\/es\/wp-json\/wp\/v2\/types\/page"}],"author":[{"embeddable":true,"href":"https:\/\/casaruraljijona.com\/es\/wp-json\/wp\/v2\/users\/1"}],"replies":[{"embeddable":true,"href":"https:\/\/casaruraljijona.com\/es\/wp-json\/wp\/v2\/comments?post=5889"}],"version-history":[{"count":16,"href":"https:\/\/casaruraljijona.com\/es\/wp-json\/wp\/v2\/pages\/5889\/revisions"}],"predecessor-version":[{"id":6571,"href":"https:\/\/casaruraljijona.com\/es\/wp-json\/wp\/v2\/pages\/5889\/revisions\/6571"}],"wp:attachment":[{"href":"https:\/\/casaruraljijona.com\/es\/wp-json\/wp\/v2\/media?parent=5889"}],"curies":[{"name":"wp","href":"https:\/\/api.w.org\/{rel}","templated":true}]}}