{"id":5875,"date":"2024-12-12T21:30:18","date_gmt":"2024-12-12T20:30:18","guid":{"rendered":"https:\/\/casaruraljijona.com\/?page_id=5875"},"modified":"2025-02-02T16:07:30","modified_gmt":"2025-02-02T15:07:30","slug":"condiciones-generales","status":"publish","type":"page","link":"https:\/\/casaruraljijona.com\/es\/condiciones-generales\/","title":{"rendered":"Condiciones generales"},"content":{"rendered":"<div data-elementor-type=\"wp-page\" data-elementor-id=\"5875\" class=\"elementor elementor-5875\" data-elementor-post-type=\"page\">\n\t\t\t\t<div class=\"elementor-element elementor-element-082cf32 e-flex e-con-boxed e-con e-parent\" data-id=\"082cf32\" data-element_type=\"container\">\n\t\t\t\t\t<div class=\"e-con-inner\">\n\t\t\t\t<div class=\"elementor-element elementor-element-ebea8f7 elementor--h-position-center elementor--v-position-middle elementor-arrows-position-inside elementor-pagination-position-inside elementor-widget elementor-widget-slides\" data-id=\"ebea8f7\" data-element_type=\"widget\" data-settings=\"{&quot;navigation&quot;:&quot;both&quot;,&quot;autoplay&quot;:&quot;yes&quot;,&quot;pause_on_hover&quot;:&quot;yes&quot;,&quot;pause_on_interaction&quot;:&quot;yes&quot;,&quot;autoplay_speed&quot;:5000,&quot;transition&quot;:&quot;slide&quot;,&quot;transition_speed&quot;:500}\" data-widget_type=\"slides.default\">\n\t\t\t\t<div class=\"elementor-widget-container\">\n\t\t\t\t\t\t\t\t\t<div class=\"elementor-swiper\">\n\t\t\t\t\t<div class=\"elementor-slides-wrapper elementor-main-swiper swiper\" role=\"region\" aria-roledescription=\"carousel\" aria-label=\"Diapositivas\" dir=\"ltr\" data-animation=\"\">\n\t\t\t\t<div class=\"swiper-wrapper elementor-slides\">\n\t\t\t\t\t\t\t\t\t\t<div class=\"elementor-repeater-item-0c4f57b swiper-slide\" role=\"group\" aria-roledescription=\"slide\"><div class=\"swiper-slide-bg elementor-ken-burns elementor-ken-burns--in\" role=\"img\"><\/div><div class=\"elementor-background-overlay\"><\/div><div class=\"swiper-slide-inner\" ><div class=\"swiper-slide-contents\"><div class=\"elementor-slide-heading\">Condiciones generales<\/div><\/div><\/div><\/div>\t\t\t\t<\/div>\n\t\t\t\t\t\t\t<\/div>\n\t\t\t\t<\/div>\n\t\t\t\t\t\t\t\t<\/div>\n\t\t\t\t<\/div>\n\t\t\t\t\t<\/div>\n\t\t\t\t<\/div>\n\t\t<div class=\"elementor-element elementor-element-d457845 e-flex e-con-boxed e-con e-parent\" data-id=\"d457845\" data-element_type=\"container\">\n\t\t\t\t\t<div class=\"e-con-inner\">\n\t\t\t\t<div class=\"elementor-element elementor-element-d04a6b1 elementor-widget elementor-widget-text-editor\" data-id=\"d04a6b1\" data-element_type=\"widget\" data-widget_type=\"text-editor.default\">\n\t\t\t\t<div class=\"elementor-widget-container\">\n\t\t\t\t\t\t\t\t\t<p><b>General<\/b><span style=\"font-weight: 400;\"><br><\/span><span style=\"font-weight: 400;\">Los t\u00e9rminos y condiciones generales se aplican al establecimiento de todas las reservas y reservas, as\u00ed como a todas las ofertas de Casa Rural Jijona. Al reservar y alojarse en una de las habitaciones ofrecidas por nosotros, usted acepta nuestros t\u00e9rminos y condiciones que se indican a continuaci\u00f3n.<\/span><\/p>\n<h3><b>Reservas<\/b><\/h3>\n<p><span style=\"font-weight: 400;\">Las reservas se realizan en funci\u00f3n de la disponibilidad y s\u00f3lo se aceptar\u00e1n reservas de personas mayores de 18 a\u00f1os. El inquilino est\u00e1 obligado a acreditar su identidad. Casa Rural Jijona puede facilitar una copia del mismo.<\/span><\/p>\n<p><span style=\"font-weight: 400;\">Si se acepta una reserva, el inquilino recibir\u00e1 una confirmaci\u00f3n por escrito o una confirmaci\u00f3n por correo electr\u00f3nico en un plazo de 5 d\u00edas laborables. Esta confirmaci\u00f3n deber\u00e1 ser comprobada inmediatamente para verificar su exactitud. Cualquier inexactitud debe ser inmediatamente por escrito o por correo electr\u00f3nico a Casa Rural Jijona.<\/span><\/p>\n<p><span style=\"font-weight: 400;\">Se establece un acuerdo entre el inquilino y Casa Rural Jijona en el momento en que el arrendador env\u00eda la confirmaci\u00f3n por escrito o por correo electr\u00f3nico de la reserva al inquilino.<\/span><\/p>\n<p><span style=\"font-weight: 400;\">Casa Rural Jijona se reserva el derecho de rechazar una reserva en cualquier momento, sin indicar los motivos, o de imponer condiciones especiales a la misma.<\/span><\/p>\n<p><span style=\"font-weight: 400;\">Casa Rural Jijona tiene en todo momento el derecho de rescindir el contrato con efecto inmediato, si en el momento de la reserva los datos personales del inquilino y\/o de otros usuarios son incompletos y\/o incorrectos. En tal caso, no habr\u00e1 devoluci\u00f3n de (parte de) el alquiler.<\/span><\/p>\n<p><b>Precios<\/b><span style=\"font-weight: 400;\"><br><\/span><span style=\"font-weight: 400;\">El inquilino debe a Casa Rural Jijona el precio de alquiler acordado, tal y como se indica en la confirmaci\u00f3n por escrito o por correo electr\u00f3nico.<\/span><span style=\"font-weight: 400;\"><br><\/span><span style=\"font-weight: 400;\"><br><\/span><span style=\"font-weight: 400;\">El precio de alquiler indicado incluye el desayuno, la limpieza de la habitaci\u00f3n, excluida la tasa tur\u00edstica, as\u00ed como cualquier cargo adicional por suministros y servicios adicionales, incluido, por ejemplo, el alquiler de bicicletas, las bebidas consumidas y los posibles gastos de aparcamiento. \u00c9stos deber\u00e1n abonarse a m\u00e1s tardar a la salida.<\/span><\/p>\n<p><b>Pago<\/b><b><br><\/b><span style=\"font-weight: 400;\">El pago debe efectuarse a la llegada a Casa Rural Jijona. El pago se realiza siempre en euros. Los pagos pueden realizarse en efectivo, con tarjeta de d\u00e9bito o cr\u00e9dito. Los cambios en el tipo de IVA ser\u00e1n siempre a cargo del hu\u00e9sped.<\/span><b><br><\/b><b><br><\/b><b>Cancelaci\u00f3n y no presentaci\u00f3n<\/b><b><br><\/b><span style=\"font-weight: 400;\">Si un hu\u00e9sped no puede cumplir la reserva efectuada, le rogamos que nos lo comunique lo antes posible y de la forma m\u00e1s completa posible. Se aceptan cancelaciones hasta 24 horas antes de la fecha de llegada reservada, a menos que se acuerde expresamente lo contrario. En caso de cancelaci\u00f3n dentro de las 24 horas anteriores a la fecha de llegada o el mismo d\u00eda, se cobrar\u00e1 100% del precio acordado. En caso de no presentarse, tambi\u00e9n se cargar\u00e1 el 100% del importe de la reserva.<\/span><span style=\"font-weight: 400;\"><br><\/span><span style=\"font-weight: 400;\"><br><\/span><b>Normativa<\/b><b><br><\/b><span style=\"font-weight: 400;\">Casa Rural Jijona no se hace responsable de da\u00f1os y\/o lesiones, p\u00e9rdida o robo de la propiedad de los hu\u00e9spedes. Todos los da\u00f1os y accidentes deben ser reportados inmediatamente al gerente de Casa Rural Jijona. <\/span><span style=\"font-weight: 400;\"><br><\/span><span style=\"font-weight: 400;\"><br><\/span><span style=\"font-weight: 400;\">Casa Rural Jijona tiene derecho, en cualquier momento y sin previo aviso, a rescindir el contrato de estancia de la habitaci\u00f3n si el hu\u00e9sped incumple repetidamente las normas de la casa, o se comporta de tal manera que el orden y la paz de los dem\u00e1s hu\u00e9spedes puedan ser o sean perturbados. Los hu\u00e9spedes rechazados o expulsados por estos motivos no tendr\u00e1n derecho a la devoluci\u00f3n del pago acordado.<\/span><\/p>\n<p><span style=\"font-weight: 400;\">Cualquier desperfecto ocasionado por los hu\u00e9spedes alojados en Casa Rural Jijona ser\u00e1 recuperado econ\u00f3micamente de los hu\u00e9spedes responsables del mismo.Casa Rural Jijona no se hace responsable de aver\u00edas en el alojamiento y alrededores tales como cortes de luz, wifi, suministros de agua e instalaciones t\u00e9cnicas.<\/span><span style=\"font-weight: 400;\"><br><\/span><span style=\"font-weight: 400;\"><br><\/span><b>Normas de la casa<\/b><b><br><\/b><span style=\"font-weight: 400;\">S\u00f3lo se permite fumar en las zonas exteriores designadas.<\/span><span style=\"font-weight: 400;\"><br><\/span><span style=\"font-weight: 400;\">Se admiten mascotas por un suplemento, siempre que se indique con antelaci\u00f3n en el momento de la reserva.<\/span><span style=\"font-weight: 400;\"><br><\/span><span style=\"font-weight: 400;\"><br><\/span><b>Llegada y salida<\/b><b><br><\/b><span style=\"font-weight: 400;\">Los hu\u00e9spedes pueden hacer el registro de entrada entre las 15:00 y las 21:00 del d\u00eda de llegada y deben hacer el registro de salida antes de las 11:00 del d\u00eda de salida, a menos que se acuerde expresamente lo contrario. Si los hu\u00e9spedes se marchan antes de lo acordado, no ofrecemos reembolsos del importe total.<\/span><span style=\"font-weight: 400;\"><br><\/span><span style=\"font-weight: 400;\"><br><\/span><span style=\"color: var( --e-global-color-accent ); background-color: var( --e-global-color-text );\">Las presentes condiciones generales se redactaron el 19 de diciembre de 2024.<\/span><b><br><\/b><\/p>\t\t\t\t\t\t\t\t<\/div>\n\t\t\t\t<\/div>\n\t\t\t\t\t<\/div>\n\t\t\t\t<\/div>\n\t\t\t\t<\/div>","protected":false},"excerpt":{"rendered":"<p>Condiciones Generales GeneralesLas condiciones generales se aplican al establecimiento de todas las reservas y reservas, as\u00ed como a todas las ofertas de Casa Rural Jijona. Al reservar y alojarse en una de nuestras habitaciones ofrecidas, usted acepta nuestros t\u00e9rminos y condiciones que se enumeran a continuaci\u00f3n. Reservas y reservas Las reservas se realizan sobre la base [...]<\/p>","protected":false},"author":1,"featured_media":0,"parent":0,"menu_order":0,"comment_status":"closed","ping_status":"closed","template":"elementor_header_footer","meta":{"footnotes":""},"class_list":["post-5875","page","type-page","status-publish","hentry"],"jetpack_sharing_enabled":true,"_links":{"self":[{"href":"https:\/\/casaruraljijona.com\/es\/wp-json\/wp\/v2\/pages\/5875","targetHints":{"allow":["GET"]}}],"collection":[{"href":"https:\/\/casaruraljijona.com\/es\/wp-json\/wp\/v2\/pages"}],"about":[{"href":"https:\/\/casaruraljijona.com\/es\/wp-json\/wp\/v2\/types\/page"}],"author":[{"embeddable":true,"href":"https:\/\/casaruraljijona.com\/es\/wp-json\/wp\/v2\/users\/1"}],"replies":[{"embeddable":true,"href":"https:\/\/casaruraljijona.com\/es\/wp-json\/wp\/v2\/comments?post=5875"}],"version-history":[{"count":25,"href":"https:\/\/casaruraljijona.com\/es\/wp-json\/wp\/v2\/pages\/5875\/revisions"}],"predecessor-version":[{"id":6705,"href":"https:\/\/casaruraljijona.com\/es\/wp-json\/wp\/v2\/pages\/5875\/revisions\/6705"}],"wp:attachment":[{"href":"https:\/\/casaruraljijona.com\/es\/wp-json\/wp\/v2\/media?parent=5875"}],"curies":[{"name":"wp","href":"https:\/\/api.w.org\/{rel}","templated":true}]}}