{"id":5459,"date":"2024-12-09T10:20:35","date_gmt":"2024-12-09T09:20:35","guid":{"rendered":"https:\/\/casaruraljijona.com\/?page_id=5459"},"modified":"2025-05-15T13:05:42","modified_gmt":"2025-05-15T11:05:42","slug":"oliva-plana","status":"publish","type":"page","link":"https:\/\/casaruraljijona.com\/es\/oliva-plana\/","title":{"rendered":"Oliva plana"},"content":{"rendered":"<div data-elementor-type=\"wp-page\" data-elementor-id=\"5459\" class=\"elementor elementor-5459\" data-elementor-post-type=\"page\">\n\t\t\t\t<div class=\"elementor-element elementor-element-9486279 e-flex e-con-boxed e-con e-parent\" data-id=\"9486279\" data-element_type=\"container\">\n\t\t\t\t\t<div class=\"e-con-inner\">\n\t\t\t\t<div class=\"elementor-element elementor-element-8501fdd elementor--h-position-center elementor--v-position-middle elementor-arrows-position-inside elementor-pagination-position-inside elementor-widget elementor-widget-slides\" data-id=\"8501fdd\" data-element_type=\"widget\" data-settings=\"{&quot;navigation&quot;:&quot;both&quot;,&quot;autoplay&quot;:&quot;yes&quot;,&quot;pause_on_hover&quot;:&quot;yes&quot;,&quot;pause_on_interaction&quot;:&quot;yes&quot;,&quot;autoplay_speed&quot;:5000,&quot;infinite&quot;:&quot;yes&quot;,&quot;transition&quot;:&quot;slide&quot;,&quot;transition_speed&quot;:500}\" data-widget_type=\"slides.default\">\n\t\t\t\t<div class=\"elementor-widget-container\">\n\t\t\t\t\t\t\t\t\t<div class=\"elementor-swiper\">\n\t\t\t\t\t<div class=\"elementor-slides-wrapper elementor-main-swiper swiper\" role=\"region\" aria-roledescription=\"carousel\" aria-label=\"Diapositivas\" dir=\"ltr\" data-animation=\"fadeInUp\">\n\t\t\t\t<div class=\"swiper-wrapper elementor-slides\">\n\t\t\t\t\t\t\t\t\t\t<div class=\"elementor-repeater-item-0c4f57b swiper-slide\" role=\"group\" aria-roledescription=\"slide\"><div class=\"swiper-slide-bg elementor-ken-burns elementor-ken-burns--in\" role=\"img\"><\/div><div class=\"elementor-background-overlay\"><\/div><a class=\"swiper-slide-inner\" href=\"https:\/\/www.booking.com\/Share-COnAIs\"><div class=\"swiper-slide-contents\"><div class=\"elementor-slide-heading\">Oliva plana<\/div><div class=\"elementor-slide-description\">2 personas | 60 m2 | dos balcones y azotea<\/div><div  class=\"elementor-button elementor-slide-button elementor-size-sm\">reserva<\/div><\/div><\/a><\/div>\t\t\t\t<\/div>\n\t\t\t\t\t\t\t<\/div>\n\t\t\t\t<\/div>\n\t\t\t\t\t\t\t\t<\/div>\n\t\t\t\t<\/div>\n\t\t\t\t\t<\/div>\n\t\t\t\t<\/div>\n\t\t\t\t<section class=\"elementor-section elementor-top-section elementor-element elementor-element-4cfa88c elementor-section-boxed elementor-section-height-default elementor-section-height-default\" data-id=\"4cfa88c\" data-element_type=\"section\" data-settings=\"{&quot;background_background&quot;:&quot;classic&quot;}\">\n\t\t\t\t\t\t<div class=\"elementor-container elementor-column-gap-default\">\n\t\t\t\t\t<div class=\"elementor-column elementor-col-100 elementor-top-column elementor-element elementor-element-c24003b\" data-id=\"c24003b\" data-element_type=\"column\">\n\t\t\t<div class=\"elementor-widget-wrap elementor-element-populated\">\n\t\t\t\t\t\t<section class=\"elementor-section elementor-inner-section elementor-element elementor-element-a592465 animated-slow elementor-section-boxed elementor-section-height-default elementor-section-height-default elementor-invisible\" data-id=\"a592465\" data-element_type=\"section\" data-settings=\"{&quot;animation&quot;:&quot;fadeInDown&quot;}\">\n\t\t\t\t\t\t<div class=\"elementor-container elementor-column-gap-default\">\n\t\t\t\t\t<div class=\"elementor-column elementor-col-50 elementor-inner-column elementor-element elementor-element-e716110\" data-id=\"e716110\" data-element_type=\"column\">\n\t\t\t<div class=\"elementor-widget-wrap elementor-element-populated\">\n\t\t\t\t\t\t<div class=\"elementor-element elementor-element-73c2d26 elementor-widget elementor-widget-text-editor\" data-id=\"73c2d26\" data-element_type=\"widget\" data-widget_type=\"text-editor.default\">\n\t\t\t\t<div class=\"elementor-widget-container\">\n\t\t\t\t\t\t\t\t\t<p>El piso Oliva es el m\u00e1s grande de Casa Rural Jijona. Tiene un amplio dormitorio, sal\u00f3n con cocina abierta equipada con utensilios de cocina, cafetera, hervidor de agua y nevera. El balc\u00f3n de la parte delantera da a la calle principal, el balc\u00f3n de la parte trasera da al patio y hay una preciosa terraza en la azotea con mucha privacidad.<\/p>\t\t\t\t\t\t\t\t<\/div>\n\t\t\t\t<\/div>\n\t\t\t\t\t<\/div>\n\t\t<\/div>\n\t\t\t\t<div class=\"elementor-column elementor-col-50 elementor-inner-column elementor-element elementor-element-3acb955\" data-id=\"3acb955\" data-element_type=\"column\">\n\t\t\t<div class=\"elementor-widget-wrap elementor-element-populated\">\n\t\t\t\t\t\t<div class=\"elementor-element elementor-element-5309843 elementor-widget elementor-widget-text-editor\" data-id=\"5309843\" data-element_type=\"widget\" data-widget_type=\"text-editor.default\">\n\t\t\t\t<div class=\"elementor-widget-container\">\n\t\t\t\t\t\t\t\t\t<ul>\n<li>superficie 60 m2<\/li>\n<li>2 personas<\/li>\n<li>cama doble<\/li>\n<li>ducha, inodoro, lavabo<\/li>\n<li>balc\u00f3n delantero, balc\u00f3n trasero<\/li>\n<li>terraza<\/li><li>aire acondicionado<\/li>\n<\/ul>\t\t\t\t\t\t\t\t<\/div>\n\t\t\t\t<\/div>\n\t\t\t\t\t<\/div>\n\t\t<\/div>\n\t\t\t\t\t<\/div>\n\t\t<\/section>\n\t\t\t\t\t<\/div>\n\t\t<\/div>\n\t\t\t\t\t<\/div>\n\t\t<\/section>\n\t\t<div class=\"elementor-element elementor-element-bf3b9ad e-flex e-con-boxed e-con e-parent\" data-id=\"bf3b9ad\" data-element_type=\"container\">\n\t\t\t\t\t<div class=\"e-con-inner\">\n\t\t\t\t<div class=\"elementor-element elementor-element-4dcaa89 elementor-widget elementor-widget-gallery\" data-id=\"4dcaa89\" data-element_type=\"widget\" data-settings=\"{&quot;lazyload&quot;:&quot;yes&quot;,&quot;gallery_layout&quot;:&quot;grid&quot;,&quot;columns&quot;:4,&quot;columns_tablet&quot;:2,&quot;columns_mobile&quot;:1,&quot;gap&quot;:{&quot;unit&quot;:&quot;px&quot;,&quot;size&quot;:10,&quot;sizes&quot;:[]},&quot;gap_tablet&quot;:{&quot;unit&quot;:&quot;px&quot;,&quot;size&quot;:10,&quot;sizes&quot;:[]},&quot;gap_mobile&quot;:{&quot;unit&quot;:&quot;px&quot;,&quot;size&quot;:10,&quot;sizes&quot;:[]},&quot;link_to&quot;:&quot;file&quot;,&quot;aspect_ratio&quot;:&quot;3:2&quot;,&quot;overlay_background&quot;:&quot;yes&quot;,&quot;content_hover_animation&quot;:&quot;fade-in&quot;}\" data-widget_type=\"gallery.default\">\n\t\t\t\t<div class=\"elementor-widget-container\">\n\t\t\t\t\t\t\t<div class=\"elementor-gallery__container\">\n\t\t\t\t\t\t\t<a class=\"e-gallery-item elementor-gallery-item elementor-animated-content\" href=\"https:\/\/casaruraljijona.com\/wp-content\/uploads\/2024\/12\/39D67F65-4265-41AA-AD64-9CD0DA5269FE.jpg\" data-elementor-open-lightbox=\"yes\" data-elementor-lightbox-slideshow=\"4dcaa89\" data-elementor-lightbox-title=\"39D67F65-4265-41AA-AD64-9CD0DA5269FE\" data-e-action-hash=\"#elementor-action%3Aaction%3Dlightbox%26settings%3DeyJpZCI6NDgzMCwidXJsIjoiaHR0cHM6XC9cL2Nhc2FydXJhbGppam9uYS5jb21cL3dwLWNvbnRlbnRcL3VwbG9hZHNcLzIwMjRcLzEyXC8zOUQ2N0Y2NS00MjY1LTQxQUEtQUQ2NC05Q0QwREE1MjY5RkUuanBnIiwic2xpZGVzaG93IjoiNGRjYWE4OSJ9\">\n\t\t\t\t\t<div class=\"e-gallery-image elementor-gallery-item__image\" data-thumbnail=\"https:\/\/casaruraljijona.com\/wp-content\/uploads\/2024\/12\/39D67F65-4265-41AA-AD64-9CD0DA5269FE-300x200.jpg\" data-width=\"300\" data-height=\"200\" aria-label=\"\" role=\"img\" ><\/div>\n\t\t\t\t\t\t\t\t\t\t\t<div class=\"elementor-gallery-item__overlay\"><\/div>\n\t\t\t\t\t\t\t\t\t\t\t\t\t\t<\/a>\n\t\t\t\t\t\t\t<a class=\"e-gallery-item elementor-gallery-item elementor-animated-content\" href=\"https:\/\/casaruraljijona.com\/wp-content\/uploads\/2024\/12\/Zonder-titel-600-x-400-px-600-x-350-px-650-x-350-px-9.png\" data-elementor-open-lightbox=\"yes\" data-elementor-lightbox-slideshow=\"4dcaa89\" data-elementor-lightbox-title=\"Zonder titel (600 x 400 px) (600 x 350 px) (650 x 350 px) (9)\" data-e-action-hash=\"#elementor-action%3Aaction%3Dlightbox%26settings%3DeyJpZCI6NjA4MSwidXJsIjoiaHR0cHM6XC9cL2Nhc2FydXJhbGppam9uYS5jb21cL3dwLWNvbnRlbnRcL3VwbG9hZHNcLzIwMjRcLzEyXC9ab25kZXItdGl0ZWwtNjAwLXgtNDAwLXB4LTYwMC14LTM1MC1weC02NTAteC0zNTAtcHgtOS5wbmciLCJzbGlkZXNob3ciOiI0ZGNhYTg5In0%3D\">\n\t\t\t\t\t<div class=\"e-gallery-image elementor-gallery-item__image\" data-thumbnail=\"https:\/\/casaruraljijona.com\/wp-content\/uploads\/2024\/12\/Zonder-titel-600-x-400-px-600-x-350-px-650-x-350-px-9-300x162.png\" data-width=\"300\" data-height=\"162\" aria-label=\"\" role=\"img\" ><\/div>\n\t\t\t\t\t\t\t\t\t\t\t<div class=\"elementor-gallery-item__overlay\"><\/div>\n\t\t\t\t\t\t\t\t\t\t\t\t\t\t<\/a>\n\t\t\t\t\t\t\t<a class=\"e-gallery-item elementor-gallery-item elementor-animated-content\" href=\"https:\/\/casaruraljijona.com\/wp-content\/uploads\/2024\/12\/Zonder-titel-600-x-400-px-600-x-350-px-650-x-350-px-11.png\" data-elementor-open-lightbox=\"yes\" data-elementor-lightbox-slideshow=\"4dcaa89\" data-elementor-lightbox-title=\"Zonder titel (600 x 400 px) (600 x 350 px) (650 x 350 px) (11)\" data-e-action-hash=\"#elementor-action%3Aaction%3Dlightbox%26settings%3DeyJpZCI6NjA5MSwidXJsIjoiaHR0cHM6XC9cL2Nhc2FydXJhbGppam9uYS5jb21cL3dwLWNvbnRlbnRcL3VwbG9hZHNcLzIwMjRcLzEyXC9ab25kZXItdGl0ZWwtNjAwLXgtNDAwLXB4LTYwMC14LTM1MC1weC02NTAteC0zNTAtcHgtMTEucG5nIiwic2xpZGVzaG93IjoiNGRjYWE4OSJ9\">\n\t\t\t\t\t<div class=\"e-gallery-image elementor-gallery-item__image\" data-thumbnail=\"https:\/\/casaruraljijona.com\/wp-content\/uploads\/2024\/12\/Zonder-titel-600-x-400-px-600-x-350-px-650-x-350-px-11-300x162.png\" data-width=\"300\" data-height=\"162\" aria-label=\"\" role=\"img\" ><\/div>\n\t\t\t\t\t\t\t\t\t\t\t<div class=\"elementor-gallery-item__overlay\"><\/div>\n\t\t\t\t\t\t\t\t\t\t\t\t\t\t<\/a>\n\t\t\t\t\t\t\t<a class=\"e-gallery-item elementor-gallery-item elementor-animated-content\" href=\"https:\/\/casaruraljijona.com\/wp-content\/uploads\/2025\/02\/balkon-kamer-links-boven.png\" data-elementor-open-lightbox=\"yes\" data-elementor-lightbox-slideshow=\"4dcaa89\" data-elementor-lightbox-title=\"balkon kamer links boven\" data-e-action-hash=\"#elementor-action%3Aaction%3Dlightbox%26settings%3DeyJpZCI6Njk2MywidXJsIjoiaHR0cHM6XC9cL2Nhc2FydXJhbGppam9uYS5jb21cL3dwLWNvbnRlbnRcL3VwbG9hZHNcLzIwMjVcLzAyXC9iYWxrb24ta2FtZXItbGlua3MtYm92ZW4ucG5nIiwic2xpZGVzaG93IjoiNGRjYWE4OSJ9\">\n\t\t\t\t\t<div class=\"e-gallery-image elementor-gallery-item__image\" data-thumbnail=\"https:\/\/casaruraljijona.com\/wp-content\/uploads\/2025\/02\/balkon-kamer-links-boven-300x171.png\" data-width=\"300\" data-height=\"171\" aria-label=\"\" role=\"img\" ><\/div>\n\t\t\t\t\t\t\t\t\t\t\t<div class=\"elementor-gallery-item__overlay\"><\/div>\n\t\t\t\t\t\t\t\t\t\t\t\t\t\t<\/a>\n\t\t\t\t\t<\/div>\n\t\t\t\t\t<\/div>\n\t\t\t\t<\/div>\n\t\t\t\t\t<\/div>\n\t\t\t\t<\/div>\n\t\t\t\t<\/div>","protected":false},"excerpt":{"rendered":"<p>Apartamento Oliva2 personas | 60 m2 | dos balcones y azotea reserva El apartamento Oliva es el m\u00e1s grande de Casa Rural Jijona. Tiene un amplio dormitorio, un sal\u00f3n con cocina americana equipada con utensilios de cocina, cafetera, hervidor de agua y nevera. El balc\u00f3n de la parte delantera tiene vistas a la calle principal, el balc\u00f3n de la parte trasera tiene vistas [...]<\/p>","protected":false},"author":1,"featured_media":0,"parent":0,"menu_order":0,"comment_status":"closed","ping_status":"closed","template":"elementor_header_footer","meta":{"footnotes":""},"class_list":["post-5459","page","type-page","status-publish","hentry"],"jetpack_sharing_enabled":true,"_links":{"self":[{"href":"https:\/\/casaruraljijona.com\/es\/wp-json\/wp\/v2\/pages\/5459","targetHints":{"allow":["GET"]}}],"collection":[{"href":"https:\/\/casaruraljijona.com\/es\/wp-json\/wp\/v2\/pages"}],"about":[{"href":"https:\/\/casaruraljijona.com\/es\/wp-json\/wp\/v2\/types\/page"}],"author":[{"embeddable":true,"href":"https:\/\/casaruraljijona.com\/es\/wp-json\/wp\/v2\/users\/1"}],"replies":[{"embeddable":true,"href":"https:\/\/casaruraljijona.com\/es\/wp-json\/wp\/v2\/comments?post=5459"}],"version-history":[{"count":59,"href":"https:\/\/casaruraljijona.com\/es\/wp-json\/wp\/v2\/pages\/5459\/revisions"}],"predecessor-version":[{"id":7454,"href":"https:\/\/casaruraljijona.com\/es\/wp-json\/wp\/v2\/pages\/5459\/revisions\/7454"}],"wp:attachment":[{"href":"https:\/\/casaruraljijona.com\/es\/wp-json\/wp\/v2\/media?parent=5459"}],"curies":[{"name":"wp","href":"https:\/\/api.w.org\/{rel}","templated":true}]}}