{"id":5444,"date":"2024-12-09T10:18:50","date_gmt":"2024-12-09T09:18:50","guid":{"rendered":"https:\/\/casaruraljijona.com\/?page_id=5444"},"modified":"2025-05-15T13:04:23","modified_gmt":"2025-05-15T11:04:23","slug":"habitacion-familiar-miel","status":"publish","type":"page","link":"https:\/\/casaruraljijona.com\/es\/habitacion-familiar-miel\/","title":{"rendered":"Sal\u00f3n familiar Miel"},"content":{"rendered":"<div data-elementor-type=\"wp-page\" data-elementor-id=\"5444\" class=\"elementor elementor-5444\" data-elementor-post-type=\"page\">\n\t\t\t\t<div class=\"elementor-element elementor-element-2f4fc2b e-flex e-con-boxed e-con e-parent\" data-id=\"2f4fc2b\" data-element_type=\"container\">\n\t\t\t\t\t<div class=\"e-con-inner\">\n\t\t\t\t<div class=\"elementor-element elementor-element-015069f elementor--h-position-center elementor--v-position-middle elementor-arrows-position-inside elementor-pagination-position-inside elementor-widget elementor-widget-slides\" data-id=\"015069f\" data-element_type=\"widget\" data-settings=\"{&quot;navigation&quot;:&quot;both&quot;,&quot;autoplay&quot;:&quot;yes&quot;,&quot;pause_on_hover&quot;:&quot;yes&quot;,&quot;pause_on_interaction&quot;:&quot;yes&quot;,&quot;autoplay_speed&quot;:5000,&quot;infinite&quot;:&quot;yes&quot;,&quot;transition&quot;:&quot;slide&quot;,&quot;transition_speed&quot;:500}\" data-widget_type=\"slides.default\">\n\t\t\t\t<div class=\"elementor-widget-container\">\n\t\t\t\t\t\t\t\t\t<div class=\"elementor-swiper\">\n\t\t\t\t\t<div class=\"elementor-slides-wrapper elementor-main-swiper swiper\" role=\"region\" aria-roledescription=\"carousel\" aria-label=\"Diapositivas\" dir=\"ltr\" data-animation=\"fadeInUp\">\n\t\t\t\t<div class=\"swiper-wrapper elementor-slides\">\n\t\t\t\t\t\t\t\t\t\t<div class=\"elementor-repeater-item-0c4f57b swiper-slide\" role=\"group\" aria-roledescription=\"slide\"><div class=\"swiper-slide-bg elementor-ken-burns elementor-ken-burns--in\" role=\"img\"><\/div><div class=\"elementor-background-overlay\"><\/div><a class=\"swiper-slide-inner\" href=\"https:\/\/www.booking.com\/Share-COnAIs\"><div class=\"swiper-slide-contents\"><div class=\"elementor-slide-heading\">Sal\u00f3n familiar Miel<\/div><div class=\"elementor-slide-description\">2-4 personas | 60 m2 | sal\u00f3n<\/div><div  class=\"elementor-button elementor-slide-button elementor-size-sm\">reserva<\/div><\/div><\/a><\/div>\t\t\t\t<\/div>\n\t\t\t\t\t\t\t<\/div>\n\t\t\t\t<\/div>\n\t\t\t\t\t\t\t\t<\/div>\n\t\t\t\t<\/div>\n\t\t\t\t\t<\/div>\n\t\t\t\t<\/div>\n\t\t\t\t<section class=\"elementor-section elementor-top-section elementor-element elementor-element-ac90c19 elementor-section-boxed elementor-section-height-default elementor-section-height-default\" data-id=\"ac90c19\" data-element_type=\"section\" data-settings=\"{&quot;background_background&quot;:&quot;classic&quot;}\">\n\t\t\t\t\t\t<div class=\"elementor-container elementor-column-gap-default\">\n\t\t\t\t\t<div class=\"elementor-column elementor-col-100 elementor-top-column elementor-element elementor-element-0a6cb0b\" data-id=\"0a6cb0b\" data-element_type=\"column\">\n\t\t\t<div class=\"elementor-widget-wrap elementor-element-populated\">\n\t\t\t\t\t\t<section class=\"elementor-section elementor-inner-section elementor-element elementor-element-776335a animated-slow elementor-section-boxed elementor-section-height-default elementor-section-height-default elementor-invisible\" data-id=\"776335a\" data-element_type=\"section\" data-settings=\"{&quot;animation&quot;:&quot;fadeInDown&quot;}\">\n\t\t\t\t\t\t<div class=\"elementor-container elementor-column-gap-default\">\n\t\t\t\t\t<div class=\"elementor-column elementor-col-50 elementor-inner-column elementor-element elementor-element-e40ee33\" data-id=\"e40ee33\" data-element_type=\"column\">\n\t\t\t<div class=\"elementor-widget-wrap elementor-element-populated\">\n\t\t\t\t\t\t<div class=\"elementor-element elementor-element-51e2cb8 elementor-widget elementor-widget-text-editor\" data-id=\"51e2cb8\" data-element_type=\"widget\" data-widget_type=\"text-editor.default\">\n\t\t\t\t<div class=\"elementor-widget-container\">\n\t\t\t\t\t\t\t\t\t<p>La habitaci\u00f3n familiar Miel es una espaciosa habitaci\u00f3n de 60 m2 situada en la segunda planta. El dormitorio principal tiene una cama de matrimonio con ba\u00f1o ensuite. La habitaci\u00f3n lateral, separada por una cortina, tiene dos camas individuales con una peque\u00f1a zona de estar. Los balcones franceses dan a la t\u00edpica calle espa\u00f1ola de la parte delantera.<\/p>\t\t\t\t\t\t\t\t<\/div>\n\t\t\t\t<\/div>\n\t\t\t\t\t<\/div>\n\t\t<\/div>\n\t\t\t\t<div class=\"elementor-column elementor-col-50 elementor-inner-column elementor-element elementor-element-9a4e725\" data-id=\"9a4e725\" data-element_type=\"column\">\n\t\t\t<div class=\"elementor-widget-wrap elementor-element-populated\">\n\t\t\t\t\t\t<div class=\"elementor-element elementor-element-e714cc5 elementor-widget elementor-widget-text-editor\" data-id=\"e714cc5\" data-element_type=\"widget\" data-widget_type=\"text-editor.default\">\n\t\t\t\t<div class=\"elementor-widget-container\">\n\t\t\t\t\t\t\t\t\t<ul>\n<li>habitaci\u00f3n familiar con sala de estar<\/li>\n<li>superficie 60 m2<\/li>\n<li>2 personas + 2 personas adicionales<\/li>\n<li>cama doble, dos camas individuales<\/li>\n<li>ducha, inodoro, lavabo&nbsp;<\/li><li>aire acondicionado<\/li>\n<\/ul>\t\t\t\t\t\t\t\t<\/div>\n\t\t\t\t<\/div>\n\t\t\t\t\t<\/div>\n\t\t<\/div>\n\t\t\t\t\t<\/div>\n\t\t<\/section>\n\t\t\t\t\t<\/div>\n\t\t<\/div>\n\t\t\t\t\t<\/div>\n\t\t<\/section>\n\t\t<div class=\"elementor-element elementor-element-4d38350 e-flex e-con-boxed e-con e-parent\" data-id=\"4d38350\" data-element_type=\"container\">\n\t\t\t\t\t<div class=\"e-con-inner\">\n\t\t\t\t<div class=\"elementor-element elementor-element-cf8eb0c elementor-widget elementor-widget-gallery\" data-id=\"cf8eb0c\" data-element_type=\"widget\" data-settings=\"{&quot;lazyload&quot;:&quot;yes&quot;,&quot;gallery_layout&quot;:&quot;grid&quot;,&quot;columns&quot;:4,&quot;columns_tablet&quot;:2,&quot;columns_mobile&quot;:1,&quot;gap&quot;:{&quot;unit&quot;:&quot;px&quot;,&quot;size&quot;:10,&quot;sizes&quot;:[]},&quot;gap_tablet&quot;:{&quot;unit&quot;:&quot;px&quot;,&quot;size&quot;:10,&quot;sizes&quot;:[]},&quot;gap_mobile&quot;:{&quot;unit&quot;:&quot;px&quot;,&quot;size&quot;:10,&quot;sizes&quot;:[]},&quot;link_to&quot;:&quot;file&quot;,&quot;aspect_ratio&quot;:&quot;3:2&quot;,&quot;overlay_background&quot;:&quot;yes&quot;,&quot;content_hover_animation&quot;:&quot;fade-in&quot;}\" data-widget_type=\"gallery.default\">\n\t\t\t\t<div class=\"elementor-widget-container\">\n\t\t\t\t\t\t\t<div class=\"elementor-gallery__container\">\n\t\t\t\t\t\t\t<a class=\"e-gallery-item elementor-gallery-item elementor-animated-content\" href=\"https:\/\/casaruraljijona.com\/wp-content\/uploads\/2024\/12\/99611409-4E4C-4DCB-8176-C53EC52CC592.jpg\" data-elementor-open-lightbox=\"yes\" data-elementor-lightbox-slideshow=\"cf8eb0c\" data-elementor-lightbox-title=\"99611409-4E4C-4DCB-8176-C53EC52CC592\" data-e-action-hash=\"#elementor-action%3Aaction%3Dlightbox%26settings%3DeyJpZCI6NDg5MywidXJsIjoiaHR0cHM6XC9cL2Nhc2FydXJhbGppam9uYS5jb21cL3dwLWNvbnRlbnRcL3VwbG9hZHNcLzIwMjRcLzEyXC85OTYxMTQwOS00RTRDLTREQ0ItODE3Ni1DNTNFQzUyQ0M1OTIuanBnIiwic2xpZGVzaG93IjoiY2Y4ZWIwYyJ9\">\n\t\t\t\t\t<div class=\"e-gallery-image elementor-gallery-item__image\" data-thumbnail=\"https:\/\/casaruraljijona.com\/wp-content\/uploads\/2024\/12\/99611409-4E4C-4DCB-8176-C53EC52CC592-300x200.jpg\" data-width=\"300\" data-height=\"200\" aria-label=\"\" role=\"img\" ><\/div>\n\t\t\t\t\t\t\t\t\t\t\t<div class=\"elementor-gallery-item__overlay\"><\/div>\n\t\t\t\t\t\t\t\t\t\t\t\t\t\t<\/a>\n\t\t\t\t\t\t\t<a class=\"e-gallery-item elementor-gallery-item elementor-animated-content\" href=\"https:\/\/casaruraljijona.com\/wp-content\/uploads\/2025\/02\/20250210_120717-scaled.jpg\" data-elementor-open-lightbox=\"yes\" data-elementor-lightbox-slideshow=\"cf8eb0c\" data-elementor-lightbox-title=\"20250210_120717\" data-e-action-hash=\"#elementor-action%3Aaction%3Dlightbox%26settings%3DeyJpZCI6NzEwNSwidXJsIjoiaHR0cHM6XC9cL2Nhc2FydXJhbGppam9uYS5jb21cL3dwLWNvbnRlbnRcL3VwbG9hZHNcLzIwMjVcLzAyXC8yMDI1MDIxMF8xMjA3MTctc2NhbGVkLmpwZyIsInNsaWRlc2hvdyI6ImNmOGViMGMifQ%3D%3D\">\n\t\t\t\t\t<div class=\"e-gallery-image elementor-gallery-item__image\" data-thumbnail=\"https:\/\/casaruraljijona.com\/wp-content\/uploads\/2025\/02\/20250210_120717-300x169.jpg\" data-width=\"300\" data-height=\"169\" aria-label=\"\" role=\"img\" ><\/div>\n\t\t\t\t\t\t\t\t\t\t\t<div class=\"elementor-gallery-item__overlay\"><\/div>\n\t\t\t\t\t\t\t\t\t\t\t\t\t\t<\/a>\n\t\t\t\t\t\t\t<a class=\"e-gallery-item elementor-gallery-item elementor-animated-content\" href=\"https:\/\/casaruraljijona.com\/wp-content\/uploads\/2025\/05\/tussenkamer-1e-verdieping.png\" data-elementor-open-lightbox=\"yes\" data-elementor-lightbox-slideshow=\"cf8eb0c\" data-elementor-lightbox-title=\"tussenkamer 1e verdieping\" data-e-action-hash=\"#elementor-action%3Aaction%3Dlightbox%26settings%3DeyJpZCI6NzM1MywidXJsIjoiaHR0cHM6XC9cL2Nhc2FydXJhbGppam9uYS5jb21cL3dwLWNvbnRlbnRcL3VwbG9hZHNcLzIwMjVcLzA1XC90dXNzZW5rYW1lci0xZS12ZXJkaWVwaW5nLnBuZyIsInNsaWRlc2hvdyI6ImNmOGViMGMifQ%3D%3D\">\n\t\t\t\t\t<div class=\"e-gallery-image elementor-gallery-item__image\" data-thumbnail=\"https:\/\/casaruraljijona.com\/wp-content\/uploads\/2025\/05\/tussenkamer-1e-verdieping-300x200.png\" data-width=\"300\" data-height=\"200\" aria-label=\"\" role=\"img\" ><\/div>\n\t\t\t\t\t\t\t\t\t\t\t<div class=\"elementor-gallery-item__overlay\"><\/div>\n\t\t\t\t\t\t\t\t\t\t\t\t\t\t<\/a>\n\t\t\t\t\t\t\t<a class=\"e-gallery-item elementor-gallery-item elementor-animated-content\" href=\"https:\/\/casaruraljijona.com\/wp-content\/uploads\/2024\/12\/20241206_105641-1-scaled.jpg\" data-elementor-open-lightbox=\"yes\" data-elementor-lightbox-slideshow=\"cf8eb0c\" data-elementor-lightbox-title=\"20241206_105641\" data-e-action-hash=\"#elementor-action%3Aaction%3Dlightbox%26settings%3DeyJpZCI6NTIxMCwidXJsIjoiaHR0cHM6XC9cL2Nhc2FydXJhbGppam9uYS5jb21cL3dwLWNvbnRlbnRcL3VwbG9hZHNcLzIwMjRcLzEyXC8yMDI0MTIwNl8xMDU2NDEtMS1zY2FsZWQuanBnIiwic2xpZGVzaG93IjoiY2Y4ZWIwYyJ9\">\n\t\t\t\t\t<div class=\"e-gallery-image elementor-gallery-item__image\" data-thumbnail=\"https:\/\/casaruraljijona.com\/wp-content\/uploads\/2024\/12\/20241206_105641-1-169x300.jpg\" data-width=\"169\" data-height=\"300\" aria-label=\"\" role=\"img\" ><\/div>\n\t\t\t\t\t\t\t\t\t\t\t<div class=\"elementor-gallery-item__overlay\"><\/div>\n\t\t\t\t\t\t\t\t\t\t\t\t\t\t<\/a>\n\t\t\t\t\t<\/div>\n\t\t\t\t\t<\/div>\n\t\t\t\t<\/div>\n\t\t\t\t\t<\/div>\n\t\t\t\t<\/div>\n\t\t\t\t<\/div>","protected":false},"excerpt":{"rendered":"<p>Habitaci\u00f3n familiar Miel2-4 personas | 60 m2 | sal\u00f3n reservas La habitaci\u00f3n familiar Miel es una espaciosa habitaci\u00f3n de 60 m2 en la segunda planta. La habitaci\u00f3n principal tiene una cama de matrimonio con ba\u00f1o ensuite. La habitaci\u00f3n lateral, separada por una cortina, tiene dos camas individuales con una peque\u00f1a zona de estar. Los balcones franceses dan a la t\u00edpica calle espa\u00f1ola de la parte delantera. [...]<\/p>","protected":false},"author":1,"featured_media":0,"parent":0,"menu_order":0,"comment_status":"closed","ping_status":"closed","template":"elementor_header_footer","meta":{"footnotes":""},"class_list":["post-5444","page","type-page","status-publish","hentry"],"jetpack_sharing_enabled":true,"_links":{"self":[{"href":"https:\/\/casaruraljijona.com\/es\/wp-json\/wp\/v2\/pages\/5444","targetHints":{"allow":["GET"]}}],"collection":[{"href":"https:\/\/casaruraljijona.com\/es\/wp-json\/wp\/v2\/pages"}],"about":[{"href":"https:\/\/casaruraljijona.com\/es\/wp-json\/wp\/v2\/types\/page"}],"author":[{"embeddable":true,"href":"https:\/\/casaruraljijona.com\/es\/wp-json\/wp\/v2\/users\/1"}],"replies":[{"embeddable":true,"href":"https:\/\/casaruraljijona.com\/es\/wp-json\/wp\/v2\/comments?post=5444"}],"version-history":[{"count":90,"href":"https:\/\/casaruraljijona.com\/es\/wp-json\/wp\/v2\/pages\/5444\/revisions"}],"predecessor-version":[{"id":7445,"href":"https:\/\/casaruraljijona.com\/es\/wp-json\/wp\/v2\/pages\/5444\/revisions\/7445"}],"wp:attachment":[{"href":"https:\/\/casaruraljijona.com\/es\/wp-json\/wp\/v2\/media?parent=5444"}],"curies":[{"name":"wp","href":"https:\/\/api.w.org\/{rel}","templated":true}]}}