{"id":5432,"date":"2024-12-09T10:11:54","date_gmt":"2024-12-09T09:11:54","guid":{"rendered":"https:\/\/casaruraljijona.com\/?page_id=5432"},"modified":"2025-02-24T10:51:09","modified_gmt":"2025-02-24T09:51:09","slug":"host","status":"publish","type":"page","link":"https:\/\/casaruraljijona.com\/es\/host\/","title":{"rendered":"Anfitri\u00f3n"},"content":{"rendered":"<div data-elementor-type=\"wp-page\" data-elementor-id=\"5432\" class=\"elementor elementor-5432\" data-elementor-post-type=\"page\">\n\t\t\t\t<div class=\"elementor-element elementor-element-c3a3949 e-flex e-con-boxed e-con e-parent\" data-id=\"c3a3949\" data-element_type=\"container\">\n\t\t\t\t\t<div class=\"e-con-inner\">\n\t\t\t\t<div class=\"elementor-element elementor-element-a299286 elementor-widget elementor-widget-spacer\" data-id=\"a299286\" data-element_type=\"widget\" data-widget_type=\"spacer.default\">\n\t\t\t\t<div class=\"elementor-widget-container\">\n\t\t\t\t\t\t\t<div class=\"elementor-spacer\">\n\t\t\t<div class=\"elementor-spacer-inner\"><\/div>\n\t\t<\/div>\n\t\t\t\t\t\t<\/div>\n\t\t\t\t<\/div>\n\t\t\t\t<div class=\"elementor-element elementor-element-e7019e7 elementor--h-position-center elementor--v-position-middle elementor-arrows-position-inside elementor-pagination-position-inside elementor-widget elementor-widget-slides\" data-id=\"e7019e7\" data-element_type=\"widget\" data-settings=\"{&quot;navigation&quot;:&quot;both&quot;,&quot;autoplay&quot;:&quot;yes&quot;,&quot;pause_on_hover&quot;:&quot;yes&quot;,&quot;pause_on_interaction&quot;:&quot;yes&quot;,&quot;autoplay_speed&quot;:5000,&quot;transition&quot;:&quot;slide&quot;,&quot;transition_speed&quot;:500}\" data-widget_type=\"slides.default\">\n\t\t\t\t<div class=\"elementor-widget-container\">\n\t\t\t\t\t\t\t\t\t<div class=\"elementor-swiper\">\n\t\t\t\t\t<div class=\"elementor-slides-wrapper elementor-main-swiper swiper\" role=\"region\" aria-roledescription=\"carousel\" aria-label=\"Diapositivas\" dir=\"ltr\" data-animation=\"\">\n\t\t\t\t<div class=\"swiper-wrapper elementor-slides\">\n\t\t\t\t\t\t\t\t\t\t<div class=\"elementor-repeater-item-0c4f57b swiper-slide\" role=\"group\" aria-roledescription=\"slide\"><div class=\"swiper-slide-bg elementor-ken-burns elementor-ken-burns--in\" role=\"img\"><\/div><div class=\"elementor-background-overlay\"><\/div><div class=\"swiper-slide-inner\" ><div class=\"swiper-slide-contents\"><\/div><\/div><\/div>\t\t\t\t<\/div>\n\t\t\t\t\t\t\t<\/div>\n\t\t\t\t<\/div>\n\t\t\t\t\t\t\t\t<\/div>\n\t\t\t\t<\/div>\n\t\t\t\t\t<\/div>\n\t\t\t\t<\/div>\n\t\t\t\t<section class=\"elementor-section elementor-top-section elementor-element elementor-element-45eedc7 elementor-section-boxed elementor-section-height-default elementor-section-height-default\" data-id=\"45eedc7\" data-element_type=\"section\">\n\t\t\t\t\t\t<div class=\"elementor-container elementor-column-gap-default\">\n\t\t\t\t\t<div class=\"elementor-column elementor-col-100 elementor-top-column elementor-element elementor-element-e261522\" data-id=\"e261522\" data-element_type=\"column\">\n\t\t\t<div class=\"elementor-widget-wrap elementor-element-populated\">\n\t\t\t\t\t\t<section class=\"elementor-section elementor-inner-section elementor-element elementor-element-c3a73a5 animated-slow elementor-section-boxed elementor-section-height-default elementor-section-height-default\" data-id=\"c3a73a5\" data-element_type=\"section\" data-settings=\"{&quot;animation&quot;:&quot;none&quot;}\">\n\t\t\t\t\t\t<div class=\"elementor-container elementor-column-gap-default\">\n\t\t\t\t\t<div class=\"elementor-column elementor-col-50 elementor-inner-column elementor-element elementor-element-f4bdd05\" data-id=\"f4bdd05\" data-element_type=\"column\">\n\t\t\t<div class=\"elementor-widget-wrap elementor-element-populated\">\n\t\t\t\t\t\t<div class=\"elementor-element elementor-element-9b37431 elementor-widget elementor-widget-heading\" data-id=\"9b37431\" data-element_type=\"widget\" data-widget_type=\"heading.default\">\n\t\t\t\t<div class=\"elementor-widget-container\">\n\t\t\t\t\t<h2 class=\"elementor-heading-title elementor-size-default\">S\u00f3lo  <strong>PROPUESTAS<\/strong><\/h2>\t\t\t\t<\/div>\n\t\t\t\t<\/div>\n\t\t\t\t<div class=\"elementor-element elementor-element-f352348 elementor-widget elementor-widget-text-editor\" data-id=\"f352348\" data-element_type=\"widget\" data-widget_type=\"text-editor.default\">\n\t\t\t\t<div class=\"elementor-widget-container\">\n\t\t\t\t\t\t\t\t\t<p>Jean Paul Soons, de buen humor y lleno de energ\u00eda, es el anfitri\u00f3n de Casa Rural Jijona. Jean Paul lleva m\u00e1s de 30 a\u00f1os viviendo en la Costa Espa\u00f1ola. Le encanta contarle todo lo que se puede hacer en la zona, desde Jijona hasta los pintorescos pueblos costeros o la bulliciosa ciudad de Alicante.<\/p>\n<p>Como cocinero aficionado, Jean Paul, originario de los Pa\u00edses Bajos, sabe mejor que nadie d\u00f3nde ir a tomar las mejores tapas, a las terrazas m\u00e1s acogedoras, a un festival gastron\u00f3mico o a un mercado divertido. Jean Paul es un anfitri\u00f3n de coraz\u00f3n y se asegura de que a sus hu\u00e9spedes no les falte de nada. Le ayuda a alquilar un coche, reservar un viaje en barco o planificar una ruta en bicicleta o de senderismo.<\/p>\n<p>Si tiene alguna petici\u00f3n espec\u00edfica durante su estancia, no dude en ped\u00edrsela.<\/p>\t\t\t\t\t\t\t\t<\/div>\n\t\t\t\t<\/div>\n\t\t\t\t\t<\/div>\n\t\t<\/div>\n\t\t\t\t<div class=\"elementor-column elementor-col-50 elementor-inner-column elementor-element elementor-element-b461e97\" data-id=\"b461e97\" data-element_type=\"column\">\n\t\t\t<div class=\"elementor-widget-wrap elementor-element-populated\">\n\t\t\t\t\t\t<div class=\"elementor-element elementor-element-76a4e99 elementor-widget elementor-widget-spacer\" data-id=\"76a4e99\" data-element_type=\"widget\" data-widget_type=\"spacer.default\">\n\t\t\t\t<div class=\"elementor-widget-container\">\n\t\t\t\t\t\t\t<div class=\"elementor-spacer\">\n\t\t\t<div class=\"elementor-spacer-inner\"><\/div>\n\t\t<\/div>\n\t\t\t\t\t\t<\/div>\n\t\t\t\t<\/div>\n\t\t\t\t<div class=\"elementor-element elementor-element-c3da7b0 elementor-widget elementor-widget-image\" data-id=\"c3da7b0\" data-element_type=\"widget\" data-widget_type=\"image.default\">\n\t\t\t\t<div class=\"elementor-widget-container\">\n\t\t\t\t\t\t\t\t\t\t\t\t\t\t\t<img fetchpriority=\"high\" decoding=\"async\" width=\"800\" height=\"919\" src=\"https:\/\/casaruraljijona.com\/wp-content\/uploads\/2024\/12\/20241213_114356-scaled-e1734120686143-891x1024.jpg\" class=\"attachment-large size-large wp-image-5993\" alt=\"\" srcset=\"https:\/\/casaruraljijona.com\/wp-content\/uploads\/2024\/12\/20241213_114356-scaled-e1734120686143-891x1024.jpg 891w, https:\/\/casaruraljijona.com\/wp-content\/uploads\/2024\/12\/20241213_114356-scaled-e1734120686143-261x300.jpg 261w, https:\/\/casaruraljijona.com\/wp-content\/uploads\/2024\/12\/20241213_114356-scaled-e1734120686143-768x883.jpg 768w, https:\/\/casaruraljijona.com\/wp-content\/uploads\/2024\/12\/20241213_114356-scaled-e1734120686143-1336x1536.jpg 1336w, https:\/\/casaruraljijona.com\/wp-content\/uploads\/2024\/12\/20241213_114356-scaled-e1734120686143.jpg 1440w\" sizes=\"(max-width: 800px) 100vw, 800px\" \/>\t\t\t\t\t\t\t\t\t\t\t\t\t\t\t<\/div>\n\t\t\t\t<\/div>\n\t\t\t\t\t<\/div>\n\t\t<\/div>\n\t\t\t\t\t<\/div>\n\t\t<\/section>\n\t\t\t\t\t<\/div>\n\t\t<\/div>\n\t\t\t\t\t<\/div>\n\t\t<\/section>\n\t\t\t\t<\/div>","protected":false},"excerpt":{"rendered":"<p>PROPUESTAS El alegre y en\u00e9rgico Jean Paul Soons es el anfitri\u00f3n de Casa Rural Jijona. Jean Paul ha vivido en la Costa espa\u00f1ola durante m\u00e1s de 30 a\u00f1os. Le encanta contarte lo que se puede hacer en la zona, desde Jijona hasta los pintorescos pueblos costeros o la bulliciosa ciudad de Alicante. El originalmente holand\u00e9s [...]<\/p>","protected":false},"author":1,"featured_media":0,"parent":0,"menu_order":0,"comment_status":"closed","ping_status":"closed","template":"elementor_header_footer","meta":{"footnotes":""},"class_list":["post-5432","page","type-page","status-publish","hentry"],"jetpack_sharing_enabled":true,"_links":{"self":[{"href":"https:\/\/casaruraljijona.com\/es\/wp-json\/wp\/v2\/pages\/5432","targetHints":{"allow":["GET"]}}],"collection":[{"href":"https:\/\/casaruraljijona.com\/es\/wp-json\/wp\/v2\/pages"}],"about":[{"href":"https:\/\/casaruraljijona.com\/es\/wp-json\/wp\/v2\/types\/page"}],"author":[{"embeddable":true,"href":"https:\/\/casaruraljijona.com\/es\/wp-json\/wp\/v2\/users\/1"}],"replies":[{"embeddable":true,"href":"https:\/\/casaruraljijona.com\/es\/wp-json\/wp\/v2\/comments?post=5432"}],"version-history":[{"count":72,"href":"https:\/\/casaruraljijona.com\/es\/wp-json\/wp\/v2\/pages\/5432\/revisions"}],"predecessor-version":[{"id":7291,"href":"https:\/\/casaruraljijona.com\/es\/wp-json\/wp\/v2\/pages\/5432\/revisions\/7291"}],"wp:attachment":[{"href":"https:\/\/casaruraljijona.com\/es\/wp-json\/wp\/v2\/media?parent=5432"}],"curies":[{"name":"wp","href":"https:\/\/api.w.org\/{rel}","templated":true}]}}